{"id":790,"date":"2025-10-03T06:07:23","date_gmt":"2025-10-03T06:07:23","guid":{"rendered":"https:\/\/immediateedge.net\/?page_id=790"},"modified":"2025-10-03T06:12:30","modified_gmt":"2025-10-03T06:12:30","slug":"sartlar-kosullar","status":"publish","type":"page","link":"https:\/\/immediateedge.net\/tr\/sartlar-kosullar\/","title":{"rendered":"\u015eartlar Ko\u015fullar"},"content":{"rendered":"<div data-elementor-type=\"wp-page\" data-elementor-id=\"790\" class=\"elementor elementor-790\" data-elementor-post-type=\"page\">\n\t\t\t\t<div class=\"elementor-element elementor-element-6a119874 e-flex e-con-boxed e-con e-parent\" data-id=\"6a119874\" data-element_type=\"container\">\n\t\t\t\t\t<div class=\"e-con-inner\">\n\t\t\t\t<div class=\"elementor-element elementor-element-17ce95ef elementor-widget elementor-widget-text-editor\" data-id=\"17ce95ef\" data-element_type=\"widget\" data-widget_type=\"text-editor.default\">\n\t\t\t\t\t\t\t\t\t<h2 data-start=\"2029\" data-end=\"2069\">\u015eartlar ve Ko\u015fullar - Immediate Edge<\/h2><p data-start=\"2071\" data-end=\"2242\"><strong data-start=\"2071\" data-end=\"2090\">1. Giri\u015f<\/strong><br data-start=\"2090\" data-end=\"2093\" \/>Immediate Edge'ye ho\u015f geldiniz. Bu Ko\u015fullar, web sitemizi ve hizmetlerimizi kullan\u0131m\u0131n\u0131z\u0131 y\u00f6netir. Platformumuza kaydolarak veya platformumuzu kullanarak bu \u015eartlar\u0131 kabul etmi\u015f olursunuz.<\/p><p data-start=\"2244\" data-end=\"2454\"><strong data-start=\"2244\" data-end=\"2259\">2. Hizmetler<\/strong><br data-start=\"2259\" data-end=\"2262\" \/>Immediate Edge, otomatik ticaret yaz\u0131l\u0131m\u0131 sa\u011flar ve kullan\u0131c\u0131lar\u0131 ortak brokerlere ba\u011flar. Biz bir finans kurumu de\u011filiz; rol\u00fcm\u00fcz ticaret teknolojisi ve potansiyel m\u00fc\u015fteri olu\u015fturmakt\u0131r.<\/p><p data-start=\"2456\" data-end=\"2481\"><strong data-start=\"2456\" data-end=\"2479\">3. Kullan\u0131c\u0131 Y\u00fck\u00fcml\u00fcl\u00fckleri<\/strong><\/p><ul data-start=\"2482\" data-end=\"2594\"><li data-start=\"2482\" data-end=\"2535\"><p data-start=\"2484\" data-end=\"2535\">Kullan\u0131c\u0131lar do\u011fru kay\u0131t bilgilerini vermelidir.<\/p><\/li><li data-start=\"2536\" data-end=\"2594\"><p data-start=\"2538\" data-end=\"2594\">Platform yasa d\u0131\u015f\u0131 faaliyetler i\u00e7in kullan\u0131lmamal\u0131d\u0131r.<\/p><\/li><\/ul><p data-start=\"2596\" data-end=\"2776\"><strong data-start=\"2596\" data-end=\"2626\">4. Brokerler ve \u00dc\u00e7\u00fcnc\u00fc Taraflar<\/strong><br data-start=\"2626\" data-end=\"2629\" \/>Immediate Edge lisansl\u0131 \u00fc\u00e7\u00fcnc\u00fc taraf brokerlerle ortakl\u0131k yapmaktad\u0131r. Onlar\u0131n eylemlerinden, hizmetlerinden veya ticaret faaliyetlerinin sonu\u00e7lar\u0131ndan sorumlu de\u011filiz.<\/p><p data-start=\"2778\" data-end=\"2942\"><strong data-start=\"2778\" data-end=\"2800\">5. Risk Sorumluluk Reddi<\/strong><br data-start=\"2800\" data-end=\"2803\" \/>Kripto para al\u0131m sat\u0131m\u0131 \u00f6nemli riskler i\u00e7erir. Sonu\u00e7lar garanti edilmez ve kullan\u0131c\u0131lar yat\u0131rd\u0131klar\u0131 sermayenin bir k\u0131sm\u0131n\u0131 veya tamam\u0131n\u0131 kaybedebilir.<\/p><p data-start=\"2944\" data-end=\"3074\"><strong data-start=\"2944\" data-end=\"2974\">6. Sorumlulu\u011fun S\u0131n\u0131rland\u0131r\u0131lmas\u0131<\/strong><br data-start=\"2974\" data-end=\"2977\" \/>Immediate Edge, al\u0131m sat\u0131m, komisyoncu i\u015flemleri veya web sitesi kullan\u0131m\u0131ndan kaynaklanan kay\u0131plardan sorumlu de\u011fildir.<\/p><p data-start=\"3076\" data-end=\"3194\"><strong data-start=\"3076\" data-end=\"3098\">7. Tazminat<\/strong><br data-start=\"3098\" data-end=\"3101\" \/>Kullan\u0131c\u0131lar, hizmetlerin k\u00f6t\u00fcye kullan\u0131m\u0131ndan kaynaklanan taleplere kar\u015f\u0131 Immediate Edge'yi tazmin etmeyi kabul eder.<\/p><p data-start=\"3196\" data-end=\"3325\"><strong data-start=\"3196\" data-end=\"3224\">8. Fikri M\u00fclkiyet<\/strong><br data-start=\"3224\" data-end=\"3227\" \/>Immediate Edge'deki t\u00fcm i\u00e7erik, ticari markalar ve materyaller Immediate Edge Ltd'nin m\u00fclkiyetindedir.<\/p><p data-start=\"3327\" data-end=\"3421\"><strong data-start=\"3327\" data-end=\"3344\">9. De\u011fi\u015fiklikler<\/strong><br data-start=\"3344\" data-end=\"3347\" \/>Bu \u015eartlar\u0131 istedi\u011fimiz zaman g\u00fcncelleyebilir ve de\u011fi\u015fiklikleri bu sayfada yay\u0131nlayabiliriz.<\/p><p data-start=\"3423\" data-end=\"3484\"><strong data-start=\"3423\" data-end=\"3444\">10. Ge\u00e7erli Kanun<\/strong><br data-start=\"3444\" data-end=\"3447\" \/>Bu Ko\u015fullar Birle\u015fik Krall\u0131k yasalar\u0131na tabidir.<\/p><p data-start=\"3486\" data-end=\"3613\"><strong data-start=\"3486\" data-end=\"3512\">11. Uyu\u015fmazl\u0131k \u00c7\u00f6z\u00fcm\u00fc<\/strong><br data-start=\"3512\" data-end=\"3515\" \/>Anla\u015fmazl\u0131klar, yerel yasalar aksini gerektirmedik\u00e7e, Birle\u015fik Krall\u0131k'ta tahkim yoluyla \u00e7\u00f6z\u00fclecektir.<\/p><p data-start=\"3615\" data-end=\"3760\"><strong data-start=\"3615\" data-end=\"3630\">12. \u0130leti\u015fim<\/strong><br data-start=\"3630\" data-end=\"3633\" \/>E-posta: <strong data-start=\"3640\" data-end=\"3669\"><a class=\"decorated-link cursor-pointer\" rel=\"noopener\" data-start=\"3642\" data-end=\"3667\">contact@immediateedge.net<\/a><\/strong><\/p>\t\t\t\t\t\t\t\t<\/div>\n\t\t\t\t\t<\/div>\n\t\t\t\t<\/div>\n\t\t\t\t<\/div>","protected":false},"excerpt":{"rendered":"<p>\u015eartlar ve Ko\u015fullar - Immediate Edge 1. Giri\u015f Giri\u015fImmediate Edge'ye ho\u015f geldiniz. Bu \u015eartlar, web sitemizi ve hizmetlerimizi kullan\u0131m\u0131n\u0131z\u0131 y\u00f6netir. Platformumuza kaydolarak veya platformumuzu kullanarak bu \u015eartlar\u0131 kabul etmi\u015f olursunuz. 2. HizmetlerImmediate Edge otomatik ticaret yaz\u0131l\u0131m\u0131 sa\u011flar ve kullan\u0131c\u0131lar\u0131 ortak brokerlere ba\u011flar. Biz bir finans kurumu de\u011filiz; rol\u00fcm\u00fcz [...]<\/p>","protected":false},"author":2,"featured_media":0,"parent":0,"menu_order":0,"comment_status":"closed","ping_status":"closed","template":"elementor_header_footer","meta":{"footnotes":""},"class_list":["post-790","page","type-page","status-publish","hentry"],"yoast_head":"<!-- This site is optimized with the Yoast SEO plugin v25.9 - https:\/\/yoast.com\/wordpress\/plugins\/seo\/ -->\n<title>Terms Conditions - Immediate Edge Official<\/title>\n<meta name=\"robots\" content=\"index, follow, max-snippet:-1, max-image-preview:large, max-video-preview:-1\" \/>\n<link rel=\"canonical\" href=\"https:\/\/immediateedge.net\/tr\/sartlar-kosullar\/\" \/>\n<meta property=\"og:locale\" content=\"tr_TR\" \/>\n<meta property=\"og:type\" content=\"article\" \/>\n<meta property=\"og:title\" content=\"Terms Conditions - Immediate Edge Official\" \/>\n<meta property=\"og:description\" content=\"Terms &amp; Conditions \u2013 Immediate Edge 1. IntroductionWelcome to Immediate Edge. These Terms govern your use of our website and services. By registering or using our platform, you agree to these Terms. 2. ServicesImmediate Edge provides automated trading software and connects users to partnered brokers. We are not a financial institution; our role is to [&hellip;]\" \/>\n<meta property=\"og:url\" content=\"https:\/\/immediateedge.net\/tr\/sartlar-kosullar\/\" \/>\n<meta property=\"og:site_name\" content=\"Immediate Edge Official\" \/>\n<meta property=\"article:modified_time\" content=\"2025-10-03T06:12:30+00:00\" \/>\n<meta name=\"twitter:card\" content=\"summary_large_image\" \/>\n<meta name=\"twitter:label1\" content=\"Tahmini okuma s\u00fcresi\" \/>\n\t<meta name=\"twitter:data1\" content=\"1 dakika\" \/>\n<script type=\"application\/ld+json\" class=\"yoast-schema-graph\">{\"@context\":\"https:\/\/schema.org\",\"@graph\":[{\"@type\":\"WebPage\",\"@id\":\"https:\/\/immediateedge.net\/terms-conditions\/\",\"url\":\"https:\/\/immediateedge.net\/terms-conditions\/\",\"name\":\"Terms Conditions - Immediate Edge Official\",\"isPartOf\":{\"@id\":\"https:\/\/immediateedge.net\/#website\"},\"datePublished\":\"2025-10-03T06:07:23+00:00\",\"dateModified\":\"2025-10-03T06:12:30+00:00\",\"breadcrumb\":{\"@id\":\"https:\/\/immediateedge.net\/terms-conditions\/#breadcrumb\"},\"inLanguage\":\"tr\",\"potentialAction\":[{\"@type\":\"ReadAction\",\"target\":[\"https:\/\/immediateedge.net\/terms-conditions\/\"]}]},{\"@type\":\"BreadcrumbList\",\"@id\":\"https:\/\/immediateedge.net\/terms-conditions\/#breadcrumb\",\"itemListElement\":[{\"@type\":\"ListItem\",\"position\":1,\"name\":\"Home\",\"item\":\"https:\/\/immediateedge.net\/\"},{\"@type\":\"ListItem\",\"position\":2,\"name\":\"Terms Conditions\"}]},{\"@type\":\"WebSite\",\"@id\":\"https:\/\/immediateedge.net\/#website\",\"url\":\"https:\/\/immediateedge.net\/\",\"name\":\"Immediate Edge Official\",\"description\":\"Trusted Automated Trading Platform\",\"potentialAction\":[{\"@type\":\"SearchAction\",\"target\":{\"@type\":\"EntryPoint\",\"urlTemplate\":\"https:\/\/immediateedge.net\/?s={search_term_string}\"},\"query-input\":{\"@type\":\"PropertyValueSpecification\",\"valueRequired\":true,\"valueName\":\"search_term_string\"}}],\"inLanguage\":\"tr\"}]}<\/script>\n<!-- \/ Yoast SEO plugin. -->","yoast_head_json":{"title":"\u015eartlar Ko\u015fullar - Immediate Edge Resmi","robots":{"index":"index","follow":"follow","max-snippet":"max-snippet:-1","max-image-preview":"max-image-preview:large","max-video-preview":"max-video-preview:-1"},"canonical":"https:\/\/immediateedge.net\/tr\/sartlar-kosullar\/","og_locale":"tr_TR","og_type":"article","og_title":"Terms Conditions - Immediate Edge Official","og_description":"Terms &amp; Conditions \u2013 Immediate Edge 1. IntroductionWelcome to Immediate Edge. These Terms govern your use of our website and services. By registering or using our platform, you agree to these Terms. 2. ServicesImmediate Edge provides automated trading software and connects users to partnered brokers. We are not a financial institution; our role is to [&hellip;]","og_url":"https:\/\/immediateedge.net\/tr\/sartlar-kosullar\/","og_site_name":"Immediate Edge Official","article_modified_time":"2025-10-03T06:12:30+00:00","twitter_card":"summary_large_image","twitter_misc":{"Tahmini okuma s\u00fcresi":"1 dakika"},"schema":{"@context":"https:\/\/schema.org","@graph":[{"@type":"WebPage","@id":"https:\/\/immediateedge.net\/terms-conditions\/","url":"https:\/\/immediateedge.net\/terms-conditions\/","name":"\u015eartlar Ko\u015fullar - Immediate Edge Resmi","isPartOf":{"@id":"https:\/\/immediateedge.net\/#website"},"datePublished":"2025-10-03T06:07:23+00:00","dateModified":"2025-10-03T06:12:30+00:00","breadcrumb":{"@id":"https:\/\/immediateedge.net\/terms-conditions\/#breadcrumb"},"inLanguage":"tr","potentialAction":[{"@type":"ReadAction","target":["https:\/\/immediateedge.net\/terms-conditions\/"]}]},{"@type":"BreadcrumbList","@id":"https:\/\/immediateedge.net\/terms-conditions\/#breadcrumb","itemListElement":[{"@type":"ListItem","position":1,"name":"Home","item":"https:\/\/immediateedge.net\/"},{"@type":"ListItem","position":2,"name":"Terms Conditions"}]},{"@type":"WebSite","@id":"https:\/\/immediateedge.net\/#website","url":"https:\/\/immediateedge.net\/","name":"Immediate Edge Resmi","description":"G\u00fcvenilir Otomatik Ticaret Platformu","potentialAction":[{"@type":"SearchAction","target":{"@type":"EntryPoint","urlTemplate":"https:\/\/immediateedge.net\/?s={search_term_string}"},"query-input":{"@type":"PropertyValueSpecification","valueRequired":true,"valueName":"search_term_string"}}],"inLanguage":"tr"}]}},"_links":{"self":[{"href":"https:\/\/immediateedge.net\/tr\/wp-json\/wp\/v2\/pages\/790","targetHints":{"allow":["GET"]}}],"collection":[{"href":"https:\/\/immediateedge.net\/tr\/wp-json\/wp\/v2\/pages"}],"about":[{"href":"https:\/\/immediateedge.net\/tr\/wp-json\/wp\/v2\/types\/page"}],"author":[{"embeddable":true,"href":"https:\/\/immediateedge.net\/tr\/wp-json\/wp\/v2\/users\/2"}],"replies":[{"embeddable":true,"href":"https:\/\/immediateedge.net\/tr\/wp-json\/wp\/v2\/comments?post=790"}],"version-history":[{"count":3,"href":"https:\/\/immediateedge.net\/tr\/wp-json\/wp\/v2\/pages\/790\/revisions"}],"predecessor-version":[{"id":794,"href":"https:\/\/immediateedge.net\/tr\/wp-json\/wp\/v2\/pages\/790\/revisions\/794"}],"wp:attachment":[{"href":"https:\/\/immediateedge.net\/tr\/wp-json\/wp\/v2\/media?parent=790"}],"curies":[{"name":"wp","href":"https:\/\/api.w.org\/{rel}","templated":true}]}}