{"id":788,"date":"2025-10-03T06:06:27","date_gmt":"2025-10-03T06:06:27","guid":{"rendered":"https:\/\/immediateedge.net\/?page_id=788"},"modified":"2025-10-03T06:12:43","modified_gmt":"2025-10-03T06:12:43","slug":"gizlilik-politikasi","status":"publish","type":"page","link":"https:\/\/immediateedge.net\/tr\/gizlilik-politikasi\/","title":{"rendered":"Gizlilik Politikas\u0131"},"content":{"rendered":"<div data-elementor-type=\"wp-page\" data-elementor-id=\"788\" class=\"elementor elementor-788\" data-elementor-post-type=\"page\">\n\t\t\t\t<div class=\"elementor-element elementor-element-499f46a0 e-flex e-con-boxed e-con e-parent\" data-id=\"499f46a0\" data-element_type=\"container\">\n\t\t\t\t\t<div class=\"e-con-inner\">\n\t\t\t\t<div class=\"elementor-element elementor-element-4f5eae27 elementor-widget elementor-widget-text-editor\" data-id=\"4f5eae27\" data-element_type=\"widget\" data-widget_type=\"text-editor.default\">\n\t\t\t\t\t\t\t\t\t<h2 data-start=\"256\" data-end=\"292\">Gizlilik Politikas\u0131 - Immediate Edge<\/h2><p data-start=\"294\" data-end=\"576\"><strong data-start=\"294\" data-end=\"310\">Giri\u015f<\/strong><br data-start=\"310\" data-end=\"313\" \/>Bu Gizlilik Politikas\u0131, 167-169 Great Portland Street, Londra, W1, Birle\u015fik Krall\u0131k (\"Immediate Edge\", \"biz\", \"bize\" veya \"bizim\") adresinde ofisleri bulunan Immediate Edge Ltd'nin, web sitemizi ve ticaret hizmetlerimizi kulland\u0131\u011f\u0131n\u0131zda bilgilerinizi nas\u0131l toplad\u0131\u011f\u0131n\u0131, kulland\u0131\u011f\u0131n\u0131 ve korudu\u011funu a\u00e7\u0131klar.<\/p><p data-start=\"578\" data-end=\"614\"><strong data-start=\"578\" data-end=\"612\">Bilgi Toplama ve Kullanma<\/strong><\/p><ul data-start=\"615\" data-end=\"1027\"><li data-start=\"615\" data-end=\"745\"><p data-start=\"617\" data-end=\"745\"><strong data-start=\"617\" data-end=\"634\">Ki\u015fisel Veriler<\/strong>: Ad\u0131n\u0131z\u0131, e-postan\u0131z\u0131, telefonunuzu ve hesap kayd\u0131 veya ileti\u015fim s\u0131ras\u0131nda verdi\u011finiz t\u00fcm ayr\u0131nt\u0131lar\u0131 i\u00e7erir.<\/p><\/li><li data-start=\"746\" data-end=\"848\"><p data-start=\"748\" data-end=\"848\"><strong data-start=\"748\" data-end=\"762\">Kullan\u0131m Verileri<\/strong>: Ziyaret edilen sayfalar, harcanan zaman ve platformumuzdaki etkile\u015fimler gibi verileri i\u00e7erir.<\/p><\/li><li data-start=\"849\" data-end=\"1027\"><p data-start=\"851\" data-end=\"1027\"><strong data-start=\"851\" data-end=\"866\">Veri Kullan\u0131m\u0131<\/strong>: Bu bilgileri otomatik ticaret platformumuza eri\u015fim sa\u011flamak, kay\u0131tlar\u0131 i\u015flemek, sizinle ileti\u015fim kurmak ve yasal gerekliliklere uymak i\u00e7in kullan\u0131r\u0131z.<\/p><\/li><\/ul><p data-start=\"1029\" data-end=\"1062\"><strong data-start=\"1029\" data-end=\"1060\">Veri Payla\u015f\u0131m\u0131 ve \u0130f\u015fas\u0131<\/strong><\/p><ul data-start=\"1063\" data-end=\"1249\"><li data-start=\"1063\" data-end=\"1166\"><p data-start=\"1065\" data-end=\"1166\">Ki\u015fisel verilerinizi ticaret hizmetleri i\u00e7in g\u00fcvenilir \u00fc\u00e7\u00fcnc\u00fc taraf arac\u0131lar veya \u015firketlerle payla\u015fabiliriz.<\/p><\/li><li data-start=\"1167\" data-end=\"1249\"><p data-start=\"1169\" data-end=\"1249\">Bilgiler ayr\u0131ca yasalar\u0131n gerektirmesi halinde veya haklar\u0131m\u0131z\u0131 korumak i\u00e7in de if\u015fa edilebilir.<\/p><\/li><\/ul><p data-start=\"1251\" data-end=\"1270\"><strong data-start=\"1251\" data-end=\"1268\">Veri G\u00fcvenli\u011fi<\/strong><\/p><ul data-start=\"1271\" data-end=\"1390\"><li data-start=\"1271\" data-end=\"1390\"><p data-start=\"1273\" data-end=\"1390\">Ki\u015fisel bilgilerinizi korumak i\u00e7in \u015fifreleme, g\u00fcvenli kimlik do\u011frulama ve end\u00fcstri standard\u0131 g\u00fcvenlik \u00f6nlemleri kullan\u0131yoruz.<\/p><\/li><\/ul><p data-start=\"1392\" data-end=\"1405\"><strong data-start=\"1392\" data-end=\"1403\">\u00c7erezler<\/strong><\/p><ul data-start=\"1406\" data-end=\"1538\"><li data-start=\"1406\" data-end=\"1538\"><p data-start=\"1408\" data-end=\"1538\">Immediate Edge, site i\u015flevselli\u011fini, kullan\u0131c\u0131 deneyimini ve pazarlama performans\u0131n\u0131 iyile\u015ftirmek i\u00e7in \u00e7erezleri ve izleme teknolojilerini kullan\u0131r.<\/p><\/li><\/ul><p data-start=\"1540\" data-end=\"1557\"><strong data-start=\"1540\" data-end=\"1555\">Sizin Haklar\u0131n\u0131z<\/strong><\/p><ul data-start=\"1558\" data-end=\"1644\"><li data-start=\"1558\" data-end=\"1644\"><p data-start=\"1560\" data-end=\"1644\">\u0130stedi\u011finiz zaman ki\u015fisel verilerinize eri\u015fim, d\u00fczeltme veya silme talebinde bulunabilirsiniz.<\/p><\/li><\/ul><p data-start=\"1646\" data-end=\"1675\"><strong data-start=\"1646\" data-end=\"1673\">Uluslararas\u0131 Transferler<\/strong><\/p><ul data-start=\"1676\" data-end=\"1799\"><li data-start=\"1676\" data-end=\"1799\"><p data-start=\"1678\" data-end=\"1799\">Verileriniz, y\u00fcr\u00fcrl\u00fckteki veri koruma yasalar\u0131na uygun olarak, yetki alan\u0131n\u0131z\u0131n d\u0131\u015f\u0131ndaki g\u00fcvenli sunuculara aktar\u0131labilir.<\/p><\/li><\/ul><p data-start=\"1801\" data-end=\"1814\"><strong data-start=\"1801\" data-end=\"1812\">De\u011fi\u015fiklikler<\/strong><\/p><ul data-start=\"1815\" data-end=\"1914\"><li data-start=\"1815\" data-end=\"1914\"><p data-start=\"1817\" data-end=\"1914\">Bu Gizlilik Politikas\u0131 zaman zaman g\u00fcncellenebilir ve her zaman bu sayfada mevcut olacakt\u0131r.<\/p><\/li><\/ul><p data-start=\"1916\" data-end=\"2022\"><strong data-start=\"1916\" data-end=\"1927\">\u0130leti\u015fim<\/strong><br data-start=\"1927\" data-end=\"1930\" \/>Gizlilikle ilgili sorular\u0131n\u0131z i\u00e7in e-posta g\u00f6nderin: <strong data-start=\"1960\" data-end=\"1989\"><a class=\"decorated-link cursor-pointer\" rel=\"noopener\" data-start=\"1962\" data-end=\"1987\">contact@immediateedge.net<\/a><\/strong><\/p>\t\t\t\t\t\t\t\t<\/div>\n\t\t\t\t\t<\/div>\n\t\t\t\t<\/div>\n\t\t\t\t<\/div>","protected":false},"excerpt":{"rendered":"<p>Gizlilik Politikas\u0131 - Immediate Edge Giri\u015fBu Gizlilik Politikas\u0131, 167-169 Great Portland Street, Londra, W1, Birle\u015fik Krall\u0131k adresinde ofisleri bulunan Immediate Edge Ltd'nin (\"Immediate Edge\", \"biz\", \"bize\" veya \"bizim\"), web sitemizi ve ticaret hizmetlerimizi kulland\u0131\u011f\u0131n\u0131zda bilgilerinizi nas\u0131l toplad\u0131\u011f\u0131n\u0131, kulland\u0131\u011f\u0131n\u0131 ve korudu\u011funu a\u00e7\u0131klar. Bilgi Toplama ve Kullanma Ki\u015fisel Veriler: Ad\u0131n\u0131z\u0131, e-postan\u0131z\u0131, telefonunuzu, [...] i\u00e7erir.<\/p>","protected":false},"author":2,"featured_media":0,"parent":0,"menu_order":0,"comment_status":"closed","ping_status":"closed","template":"elementor_canvas","meta":{"footnotes":""},"class_list":["post-788","page","type-page","status-publish","hentry"],"yoast_head":"<!-- This site is optimized with the Yoast SEO plugin v25.9 - https:\/\/yoast.com\/wordpress\/plugins\/seo\/ -->\n<title>Privacy Policy - Immediate Edge Official<\/title>\n<meta name=\"robots\" content=\"index, follow, max-snippet:-1, max-image-preview:large, max-video-preview:-1\" \/>\n<link rel=\"canonical\" href=\"https:\/\/immediateedge.net\/tr\/gizlilik-politikasi\/\" \/>\n<meta property=\"og:locale\" content=\"tr_TR\" \/>\n<meta property=\"og:type\" content=\"article\" \/>\n<meta property=\"og:title\" content=\"Privacy Policy - Immediate Edge Official\" \/>\n<meta property=\"og:description\" content=\"Privacy Policy \u2013 Immediate Edge IntroductionThis Privacy Policy explains how Immediate Edge Ltd, with offices at 167\u2013169 Great Portland Street, London, W1, United Kingdom (\u201cImmediate Edge\u201d, \u201cwe\u201d, \u201cus\u201d, or \u201cour\u201d), collects, uses, and protects your information when you use our website and trading services. Information Collection and Use Personal Data: Includes your name, email, phone, [&hellip;]\" \/>\n<meta property=\"og:url\" content=\"https:\/\/immediateedge.net\/tr\/gizlilik-politikasi\/\" \/>\n<meta property=\"og:site_name\" content=\"Immediate Edge Official\" \/>\n<meta property=\"article:modified_time\" content=\"2025-10-03T06:12:43+00:00\" \/>\n<meta name=\"twitter:card\" content=\"summary_large_image\" \/>\n<meta name=\"twitter:label1\" content=\"Tahmini okuma s\u00fcresi\" \/>\n\t<meta name=\"twitter:data1\" content=\"2 dakika\" \/>\n<script type=\"application\/ld+json\" class=\"yoast-schema-graph\">{\"@context\":\"https:\/\/schema.org\",\"@graph\":[{\"@type\":\"WebPage\",\"@id\":\"https:\/\/immediateedge.net\/privacy-policy\/\",\"url\":\"https:\/\/immediateedge.net\/privacy-policy\/\",\"name\":\"Privacy Policy - Immediate Edge Official\",\"isPartOf\":{\"@id\":\"https:\/\/immediateedge.net\/#website\"},\"datePublished\":\"2025-10-03T06:06:27+00:00\",\"dateModified\":\"2025-10-03T06:12:43+00:00\",\"breadcrumb\":{\"@id\":\"https:\/\/immediateedge.net\/privacy-policy\/#breadcrumb\"},\"inLanguage\":\"tr\",\"potentialAction\":[{\"@type\":\"ReadAction\",\"target\":[\"https:\/\/immediateedge.net\/privacy-policy\/\"]}]},{\"@type\":\"BreadcrumbList\",\"@id\":\"https:\/\/immediateedge.net\/privacy-policy\/#breadcrumb\",\"itemListElement\":[{\"@type\":\"ListItem\",\"position\":1,\"name\":\"Home\",\"item\":\"https:\/\/immediateedge.net\/\"},{\"@type\":\"ListItem\",\"position\":2,\"name\":\"Privacy Policy\"}]},{\"@type\":\"WebSite\",\"@id\":\"https:\/\/immediateedge.net\/#website\",\"url\":\"https:\/\/immediateedge.net\/\",\"name\":\"Immediate Edge Official\",\"description\":\"Trusted Automated Trading Platform\",\"potentialAction\":[{\"@type\":\"SearchAction\",\"target\":{\"@type\":\"EntryPoint\",\"urlTemplate\":\"https:\/\/immediateedge.net\/?s={search_term_string}\"},\"query-input\":{\"@type\":\"PropertyValueSpecification\",\"valueRequired\":true,\"valueName\":\"search_term_string\"}}],\"inLanguage\":\"tr\"}]}<\/script>\n<!-- \/ Yoast SEO plugin. -->","yoast_head_json":{"title":"Gizlilik Politikas\u0131 - Immediate Edge Official","robots":{"index":"index","follow":"follow","max-snippet":"max-snippet:-1","max-image-preview":"max-image-preview:large","max-video-preview":"max-video-preview:-1"},"canonical":"https:\/\/immediateedge.net\/tr\/gizlilik-politikasi\/","og_locale":"tr_TR","og_type":"article","og_title":"Privacy Policy - Immediate Edge Official","og_description":"Privacy Policy \u2013 Immediate Edge IntroductionThis Privacy Policy explains how Immediate Edge Ltd, with offices at 167\u2013169 Great Portland Street, London, W1, United Kingdom (\u201cImmediate Edge\u201d, \u201cwe\u201d, \u201cus\u201d, or \u201cour\u201d), collects, uses, and protects your information when you use our website and trading services. Information Collection and Use Personal Data: Includes your name, email, phone, [&hellip;]","og_url":"https:\/\/immediateedge.net\/tr\/gizlilik-politikasi\/","og_site_name":"Immediate Edge Official","article_modified_time":"2025-10-03T06:12:43+00:00","twitter_card":"summary_large_image","twitter_misc":{"Tahmini okuma s\u00fcresi":"2 dakika"},"schema":{"@context":"https:\/\/schema.org","@graph":[{"@type":"WebPage","@id":"https:\/\/immediateedge.net\/privacy-policy\/","url":"https:\/\/immediateedge.net\/privacy-policy\/","name":"Gizlilik Politikas\u0131 - Immediate Edge Official","isPartOf":{"@id":"https:\/\/immediateedge.net\/#website"},"datePublished":"2025-10-03T06:06:27+00:00","dateModified":"2025-10-03T06:12:43+00:00","breadcrumb":{"@id":"https:\/\/immediateedge.net\/privacy-policy\/#breadcrumb"},"inLanguage":"tr","potentialAction":[{"@type":"ReadAction","target":["https:\/\/immediateedge.net\/privacy-policy\/"]}]},{"@type":"BreadcrumbList","@id":"https:\/\/immediateedge.net\/privacy-policy\/#breadcrumb","itemListElement":[{"@type":"ListItem","position":1,"name":"Home","item":"https:\/\/immediateedge.net\/"},{"@type":"ListItem","position":2,"name":"Privacy Policy"}]},{"@type":"WebSite","@id":"https:\/\/immediateedge.net\/#website","url":"https:\/\/immediateedge.net\/","name":"Immediate Edge Resmi","description":"G\u00fcvenilir Otomatik Ticaret Platformu","potentialAction":[{"@type":"SearchAction","target":{"@type":"EntryPoint","urlTemplate":"https:\/\/immediateedge.net\/?s={search_term_string}"},"query-input":{"@type":"PropertyValueSpecification","valueRequired":true,"valueName":"search_term_string"}}],"inLanguage":"tr"}]}},"_links":{"self":[{"href":"https:\/\/immediateedge.net\/tr\/wp-json\/wp\/v2\/pages\/788","targetHints":{"allow":["GET"]}}],"collection":[{"href":"https:\/\/immediateedge.net\/tr\/wp-json\/wp\/v2\/pages"}],"about":[{"href":"https:\/\/immediateedge.net\/tr\/wp-json\/wp\/v2\/types\/page"}],"author":[{"embeddable":true,"href":"https:\/\/immediateedge.net\/tr\/wp-json\/wp\/v2\/users\/2"}],"replies":[{"embeddable":true,"href":"https:\/\/immediateedge.net\/tr\/wp-json\/wp\/v2\/comments?post=788"}],"version-history":[{"count":3,"href":"https:\/\/immediateedge.net\/tr\/wp-json\/wp\/v2\/pages\/788\/revisions"}],"predecessor-version":[{"id":797,"href":"https:\/\/immediateedge.net\/tr\/wp-json\/wp\/v2\/pages\/788\/revisions\/797"}],"wp:attachment":[{"href":"https:\/\/immediateedge.net\/tr\/wp-json\/wp\/v2\/media?parent=788"}],"curies":[{"name":"wp","href":"https:\/\/api.w.org\/{rel}","templated":true}]}}