{"id":790,"date":"2025-10-03T06:07:23","date_gmt":"2025-10-03T06:07:23","guid":{"rendered":"https:\/\/immediateedge.net\/?page_id=790"},"modified":"2025-10-03T06:12:30","modified_gmt":"2025-10-03T06:12:30","slug":"villkor-villkor","status":"publish","type":"page","link":"https:\/\/immediateedge.net\/sv\/villkor-villkor\/","title":{"rendered":"Villkor Villkor"},"content":{"rendered":"<div data-elementor-type=\"wp-page\" data-elementor-id=\"790\" class=\"elementor elementor-790\" data-elementor-post-type=\"page\">\n\t\t\t\t<div class=\"elementor-element elementor-element-6a119874 e-flex e-con-boxed e-con e-parent\" data-id=\"6a119874\" data-element_type=\"container\">\n\t\t\t\t\t<div class=\"e-con-inner\">\n\t\t\t\t<div class=\"elementor-element elementor-element-17ce95ef elementor-widget elementor-widget-text-editor\" data-id=\"17ce95ef\" data-element_type=\"widget\" data-widget_type=\"text-editor.default\">\n\t\t\t\t\t\t\t\t\t<h2 data-start=\"2029\" data-end=\"2069\">Villkor och anvisningar - Immediate Edge<\/h2><p data-start=\"2071\" data-end=\"2242\"><strong data-start=\"2071\" data-end=\"2090\">1. Inledning<\/strong><br data-start=\"2090\" data-end=\"2093\" \/>V\u00e4lkommen till Immediate Edge. Dessa villkor reglerar din anv\u00e4ndning av v\u00e5r webbplats och v\u00e5ra tj\u00e4nster. Genom att registrera dig eller anv\u00e4nda v\u00e5r plattform samtycker du till dessa villkor.<\/p><p data-start=\"2244\" data-end=\"2454\"><strong data-start=\"2244\" data-end=\"2259\">2. Tj\u00e4nster<\/strong><br data-start=\"2259\" data-end=\"2262\" \/>Immediate Edge tillhandah\u00e5ller automatiserad handelsprogramvara och ansluter anv\u00e4ndare till partnerm\u00e4klare. Vi \u00e4r inte en finansiell institution; v\u00e5r roll \u00e4r att tillhandah\u00e5lla handelsteknik och leadgenerering.<\/p><p data-start=\"2456\" data-end=\"2481\"><strong data-start=\"2456\" data-end=\"2479\">3. Anv\u00e4ndarens skyldigheter<\/strong><\/p><ul data-start=\"2482\" data-end=\"2594\"><li data-start=\"2482\" data-end=\"2535\"><p data-start=\"2484\" data-end=\"2535\">Anv\u00e4ndare m\u00e5ste ange korrekta registreringsuppgifter.<\/p><\/li><li data-start=\"2536\" data-end=\"2594\"><p data-start=\"2538\" data-end=\"2594\">Plattformen f\u00e5r inte anv\u00e4ndas f\u00f6r olaglig verksamhet.<\/p><\/li><\/ul><p data-start=\"2596\" data-end=\"2776\"><strong data-start=\"2596\" data-end=\"2626\">4. M\u00e4klare och tredje part<\/strong><br data-start=\"2626\" data-end=\"2629\" \/>Immediate Edge samarbetar med licensierade tredjepartsm\u00e4klare. Vi \u00e4r inte ansvariga f\u00f6r deras handlingar, tj\u00e4nster eller resultat av handelsaktiviteter.<\/p><p data-start=\"2778\" data-end=\"2942\"><strong data-start=\"2778\" data-end=\"2800\">5. Friskrivning fr\u00e5n risk<\/strong><br data-start=\"2800\" data-end=\"2803\" \/>Handel med kryptovalutor inneb\u00e4r en betydande risk. Resultat garanteras inte och anv\u00e4ndare kan f\u00f6rlora delar av eller hela sitt investerade kapital.<\/p><p data-start=\"2944\" data-end=\"3074\"><strong data-start=\"2944\" data-end=\"2974\">6. Begr\u00e4nsning av ansvar<\/strong><br data-start=\"2974\" data-end=\"2977\" \/>Immediate Edge \u00e4r inte ansvarigt f\u00f6r f\u00f6rluster som uppst\u00e5r till f\u00f6ljd av handel, m\u00e4klar\u00e5tg\u00e4rder eller webbplatsanv\u00e4ndning.<\/p><p data-start=\"3076\" data-end=\"3194\"><strong data-start=\"3076\" data-end=\"3098\">7. Skadest\u00e5nd<\/strong><br data-start=\"3098\" data-end=\"3101\" \/>Anv\u00e4ndaren f\u00f6rbinder sig att h\u00e5lla Immediate Edge skadesl\u00f6s f\u00f6r anspr\u00e5k som uppkommer p\u00e5 grund av missbruk av tj\u00e4nsterna.<\/p><p data-start=\"3196\" data-end=\"3325\"><strong data-start=\"3196\" data-end=\"3224\">8. Intellektuell egendom<\/strong><br data-start=\"3224\" data-end=\"3227\" \/>Allt inneh\u00e5ll, alla varum\u00e4rken och allt material p\u00e5 Immediate Edge \u00e4r Immediate Edge Ltd:s egendom.<\/p><p data-start=\"3327\" data-end=\"3421\"><strong data-start=\"3327\" data-end=\"3344\">9. \u00c4ndringsf\u00f6rslag<\/strong><br data-start=\"3344\" data-end=\"3347\" \/>Vi kan uppdatera dessa villkor n\u00e4r som helst, med \u00e4ndringar som publiceras p\u00e5 denna sida.<\/p><p data-start=\"3423\" data-end=\"3484\"><strong data-start=\"3423\" data-end=\"3444\">10. Till\u00e4mplig lag<\/strong><br data-start=\"3444\" data-end=\"3447\" \/>Dessa villkor regleras av brittisk lag.<\/p><p data-start=\"3486\" data-end=\"3613\"><strong data-start=\"3486\" data-end=\"3512\">11. Tvistl\u00f6sning<\/strong><br data-start=\"3512\" data-end=\"3515\" \/>Tvister ska l\u00f6sas genom skiljedomsf\u00f6rfarande i Storbritannien, om inte annat f\u00f6ljer av lokal lagstiftning.<\/p><p data-start=\"3615\" data-end=\"3760\"><strong data-start=\"3615\" data-end=\"3630\">12. Kontakt<\/strong><br data-start=\"3630\" data-end=\"3633\" \/>E-post: <strong data-start=\"3640\" data-end=\"3669\"><a class=\"decorated-link cursor-pointer\" rel=\"noopener\" data-start=\"3642\" data-end=\"3667\">contact@immediateedge.net<\/a><\/strong><\/p>\t\t\t\t\t\t\t\t<\/div>\n\t\t\t\t\t<\/div>\n\t\t\t\t<\/div>\n\t\t\t\t<\/div>","protected":false},"excerpt":{"rendered":"<p>Villkor och best\u00e4mmelser - Immediate Edge 1. IntroduktionV\u00e4lkommen till Immediate Edge. Dessa villkor reglerar din anv\u00e4ndning av v\u00e5r webbplats och v\u00e5ra tj\u00e4nster. Genom att registrera dig eller anv\u00e4nda v\u00e5r plattform samtycker du till dessa villkor. 2. Tj\u00e4nsterImmediate Edge tillhandah\u00e5ller automatiserad handelsprogramvara och ansluter anv\u00e4ndare till partnerm\u00e4klare. Vi \u00e4r inte en finansiell institution; v\u00e5r roll \u00e4r att [...]<\/p>","protected":false},"author":2,"featured_media":0,"parent":0,"menu_order":0,"comment_status":"closed","ping_status":"closed","template":"elementor_header_footer","meta":{"footnotes":""},"class_list":["post-790","page","type-page","status-publish","hentry"],"yoast_head":"<!-- This site is optimized with the Yoast SEO plugin v25.9 - https:\/\/yoast.com\/wordpress\/plugins\/seo\/ -->\n<title>Terms Conditions - Immediate Edge Official<\/title>\n<meta name=\"robots\" content=\"index, follow, max-snippet:-1, max-image-preview:large, max-video-preview:-1\" \/>\n<link rel=\"canonical\" href=\"https:\/\/immediateedge.net\/sv\/villkor-villkor\/\" \/>\n<meta property=\"og:locale\" content=\"sv_SE\" \/>\n<meta property=\"og:type\" content=\"article\" \/>\n<meta property=\"og:title\" content=\"Terms Conditions - Immediate Edge Official\" \/>\n<meta property=\"og:description\" content=\"Terms &amp; Conditions \u2013 Immediate Edge 1. IntroductionWelcome to Immediate Edge. These Terms govern your use of our website and services. By registering or using our platform, you agree to these Terms. 2. ServicesImmediate Edge provides automated trading software and connects users to partnered brokers. We are not a financial institution; our role is to [&hellip;]\" \/>\n<meta property=\"og:url\" content=\"https:\/\/immediateedge.net\/sv\/villkor-villkor\/\" \/>\n<meta property=\"og:site_name\" content=\"Immediate Edge Official\" \/>\n<meta property=\"article:modified_time\" content=\"2025-10-03T06:12:30+00:00\" \/>\n<meta name=\"twitter:card\" content=\"summary_large_image\" \/>\n<meta name=\"twitter:label1\" content=\"Ber\u00e4knad l\u00e4stid\" \/>\n\t<meta name=\"twitter:data1\" content=\"1 minut\" \/>\n<script type=\"application\/ld+json\" class=\"yoast-schema-graph\">{\"@context\":\"https:\/\/schema.org\",\"@graph\":[{\"@type\":\"WebPage\",\"@id\":\"https:\/\/immediateedge.net\/terms-conditions\/\",\"url\":\"https:\/\/immediateedge.net\/terms-conditions\/\",\"name\":\"Terms Conditions - Immediate Edge Official\",\"isPartOf\":{\"@id\":\"https:\/\/immediateedge.net\/#website\"},\"datePublished\":\"2025-10-03T06:07:23+00:00\",\"dateModified\":\"2025-10-03T06:12:30+00:00\",\"breadcrumb\":{\"@id\":\"https:\/\/immediateedge.net\/terms-conditions\/#breadcrumb\"},\"inLanguage\":\"sv-SE\",\"potentialAction\":[{\"@type\":\"ReadAction\",\"target\":[\"https:\/\/immediateedge.net\/terms-conditions\/\"]}]},{\"@type\":\"BreadcrumbList\",\"@id\":\"https:\/\/immediateedge.net\/terms-conditions\/#breadcrumb\",\"itemListElement\":[{\"@type\":\"ListItem\",\"position\":1,\"name\":\"Home\",\"item\":\"https:\/\/immediateedge.net\/\"},{\"@type\":\"ListItem\",\"position\":2,\"name\":\"Terms Conditions\"}]},{\"@type\":\"WebSite\",\"@id\":\"https:\/\/immediateedge.net\/#website\",\"url\":\"https:\/\/immediateedge.net\/\",\"name\":\"Immediate Edge Official\",\"description\":\"Trusted Automated Trading Platform\",\"potentialAction\":[{\"@type\":\"SearchAction\",\"target\":{\"@type\":\"EntryPoint\",\"urlTemplate\":\"https:\/\/immediateedge.net\/?s={search_term_string}\"},\"query-input\":{\"@type\":\"PropertyValueSpecification\",\"valueRequired\":true,\"valueName\":\"search_term_string\"}}],\"inLanguage\":\"sv-SE\"}]}<\/script>\n<!-- \/ Yoast SEO plugin. -->","yoast_head_json":{"title":"Villkor Villkor - Immediate Edge Official","robots":{"index":"index","follow":"follow","max-snippet":"max-snippet:-1","max-image-preview":"max-image-preview:large","max-video-preview":"max-video-preview:-1"},"canonical":"https:\/\/immediateedge.net\/sv\/villkor-villkor\/","og_locale":"sv_SE","og_type":"article","og_title":"Terms Conditions - Immediate Edge Official","og_description":"Terms &amp; Conditions \u2013 Immediate Edge 1. IntroductionWelcome to Immediate Edge. These Terms govern your use of our website and services. By registering or using our platform, you agree to these Terms. 2. ServicesImmediate Edge provides automated trading software and connects users to partnered brokers. We are not a financial institution; our role is to [&hellip;]","og_url":"https:\/\/immediateedge.net\/sv\/villkor-villkor\/","og_site_name":"Immediate Edge Official","article_modified_time":"2025-10-03T06:12:30+00:00","twitter_card":"summary_large_image","twitter_misc":{"Ber\u00e4knad l\u00e4stid":"1 minut"},"schema":{"@context":"https:\/\/schema.org","@graph":[{"@type":"WebPage","@id":"https:\/\/immediateedge.net\/terms-conditions\/","url":"https:\/\/immediateedge.net\/terms-conditions\/","name":"Villkor Villkor - Immediate Edge Official","isPartOf":{"@id":"https:\/\/immediateedge.net\/#website"},"datePublished":"2025-10-03T06:07:23+00:00","dateModified":"2025-10-03T06:12:30+00:00","breadcrumb":{"@id":"https:\/\/immediateedge.net\/terms-conditions\/#breadcrumb"},"inLanguage":"sv-SE","potentialAction":[{"@type":"ReadAction","target":["https:\/\/immediateedge.net\/terms-conditions\/"]}]},{"@type":"BreadcrumbList","@id":"https:\/\/immediateedge.net\/terms-conditions\/#breadcrumb","itemListElement":[{"@type":"ListItem","position":1,"name":"Home","item":"https:\/\/immediateedge.net\/"},{"@type":"ListItem","position":2,"name":"Terms Conditions"}]},{"@type":"WebSite","@id":"https:\/\/immediateedge.net\/#website","url":"https:\/\/immediateedge.net\/","name":"Immediate Edge Officiell","description":"Betrodd automatiserad handelsplattform","potentialAction":[{"@type":"SearchAction","target":{"@type":"EntryPoint","urlTemplate":"https:\/\/immediateedge.net\/?s={search_term_string}"},"query-input":{"@type":"PropertyValueSpecification","valueRequired":true,"valueName":"search_term_string"}}],"inLanguage":"sv-SE"}]}},"_links":{"self":[{"href":"https:\/\/immediateedge.net\/sv\/wp-json\/wp\/v2\/pages\/790","targetHints":{"allow":["GET"]}}],"collection":[{"href":"https:\/\/immediateedge.net\/sv\/wp-json\/wp\/v2\/pages"}],"about":[{"href":"https:\/\/immediateedge.net\/sv\/wp-json\/wp\/v2\/types\/page"}],"author":[{"embeddable":true,"href":"https:\/\/immediateedge.net\/sv\/wp-json\/wp\/v2\/users\/2"}],"replies":[{"embeddable":true,"href":"https:\/\/immediateedge.net\/sv\/wp-json\/wp\/v2\/comments?post=790"}],"version-history":[{"count":3,"href":"https:\/\/immediateedge.net\/sv\/wp-json\/wp\/v2\/pages\/790\/revisions"}],"predecessor-version":[{"id":794,"href":"https:\/\/immediateedge.net\/sv\/wp-json\/wp\/v2\/pages\/790\/revisions\/794"}],"wp:attachment":[{"href":"https:\/\/immediateedge.net\/sv\/wp-json\/wp\/v2\/media?parent=790"}],"curies":[{"name":"wp","href":"https:\/\/api.w.org\/{rel}","templated":true}]}}