{"id":788,"date":"2025-10-03T06:06:27","date_gmt":"2025-10-03T06:06:27","guid":{"rendered":"https:\/\/immediateedge.net\/?page_id=788"},"modified":"2025-10-03T06:12:43","modified_gmt":"2025-10-03T06:12:43","slug":"integritetspolicy","status":"publish","type":"page","link":"https:\/\/immediateedge.net\/sv\/integritetspolicy\/","title":{"rendered":"Integritetspolicy"},"content":{"rendered":"<div data-elementor-type=\"wp-page\" data-elementor-id=\"788\" class=\"elementor elementor-788\" data-elementor-post-type=\"page\">\n\t\t\t\t<div class=\"elementor-element elementor-element-499f46a0 e-flex e-con-boxed e-con e-parent\" data-id=\"499f46a0\" data-element_type=\"container\">\n\t\t\t\t\t<div class=\"e-con-inner\">\n\t\t\t\t<div class=\"elementor-element elementor-element-4f5eae27 elementor-widget elementor-widget-text-editor\" data-id=\"4f5eae27\" data-element_type=\"widget\" data-widget_type=\"text-editor.default\">\n\t\t\t\t\t\t\t\t\t<h2 data-start=\"256\" data-end=\"292\">Integritetspolicy - Immediate Edge<\/h2><p data-start=\"294\" data-end=\"576\"><strong data-start=\"294\" data-end=\"310\">Inledning<\/strong><br data-start=\"310\" data-end=\"313\" \/>Denna integritetspolicy f\u00f6rklarar hur Immediate Edge Ltd, med kontor p\u00e5 167-169 Great Portland Street, London, W1, Storbritannien (\"Immediate Edge\", \"vi\", \"oss\" eller \"v\u00e5r\"), samlar in, anv\u00e4nder och skyddar din information n\u00e4r du anv\u00e4nder v\u00e5r webbplats och v\u00e5ra handelstj\u00e4nster.<\/p><p data-start=\"578\" data-end=\"614\"><strong data-start=\"578\" data-end=\"612\">Insamling och anv\u00e4ndning av information<\/strong><\/p><ul data-start=\"615\" data-end=\"1027\"><li data-start=\"615\" data-end=\"745\"><p data-start=\"617\" data-end=\"745\"><strong data-start=\"617\" data-end=\"634\">Personuppgifter<\/strong>: Inneh\u00e5ller ditt namn, e-post, telefon och alla uppgifter som du l\u00e4mnar vid registrering av konto eller kommunikation.<\/p><\/li><li data-start=\"746\" data-end=\"848\"><p data-start=\"748\" data-end=\"848\"><strong data-start=\"748\" data-end=\"762\">Anv\u00e4ndningsdata<\/strong>: Inneh\u00e5ller uppgifter om t.ex. bes\u00f6kta sidor, spenderad tid och interaktioner p\u00e5 v\u00e5r plattform.<\/p><\/li><li data-start=\"849\" data-end=\"1027\"><p data-start=\"851\" data-end=\"1027\"><strong data-start=\"851\" data-end=\"866\">Anv\u00e4ndning av data<\/strong>: Vi anv\u00e4nder denna information f\u00f6r att ge tillg\u00e5ng till v\u00e5r automatiserade handelsplattform, behandla registreringar, kommunicera med dig och uppfylla r\u00e4ttsliga krav.<\/p><\/li><\/ul><p data-start=\"1029\" data-end=\"1062\"><strong data-start=\"1029\" data-end=\"1060\">Delning och utl\u00e4mnande av uppgifter<\/strong><\/p><ul data-start=\"1063\" data-end=\"1249\"><li data-start=\"1063\" data-end=\"1166\"><p data-start=\"1065\" data-end=\"1166\">Vi kan komma att dela dina personuppgifter med betrodda tredjepartsm\u00e4klare eller f\u00f6retag f\u00f6r handelstj\u00e4nster.<\/p><\/li><li data-start=\"1167\" data-end=\"1249\"><p data-start=\"1169\" data-end=\"1249\">Information kan ocks\u00e5 l\u00e4mnas ut om det kr\u00e4vs enligt lag eller f\u00f6r att skydda v\u00e5ra r\u00e4ttigheter.<\/p><\/li><\/ul><p data-start=\"1251\" data-end=\"1270\"><strong data-start=\"1251\" data-end=\"1268\">Datas\u00e4kerhet<\/strong><\/p><ul data-start=\"1271\" data-end=\"1390\"><li data-start=\"1271\" data-end=\"1390\"><p data-start=\"1273\" data-end=\"1390\">Vi anv\u00e4nder kryptering, s\u00e4ker autentisering och branschstandardiserade skydds\u00e5tg\u00e4rder f\u00f6r att skydda din personliga information.<\/p><\/li><\/ul><p data-start=\"1392\" data-end=\"1405\"><strong data-start=\"1392\" data-end=\"1403\">Kakor<\/strong><\/p><ul data-start=\"1406\" data-end=\"1538\"><li data-start=\"1406\" data-end=\"1538\"><p data-start=\"1408\" data-end=\"1538\">Immediate Edge anv\u00e4nder cookies och sp\u00e5rningstekniker f\u00f6r att f\u00f6rb\u00e4ttra webbplatsens funktionalitet, anv\u00e4ndarupplevelse och marknadsf\u00f6ringsresultat.<\/p><\/li><\/ul><p data-start=\"1540\" data-end=\"1557\"><strong data-start=\"1540\" data-end=\"1555\">Dina r\u00e4ttigheter<\/strong><\/p><ul data-start=\"1558\" data-end=\"1644\"><li data-start=\"1558\" data-end=\"1644\"><p data-start=\"1560\" data-end=\"1644\">Du kan n\u00e4r som helst beg\u00e4ra tillg\u00e5ng till, r\u00e4ttelse av eller radering av dina personuppgifter.<\/p><\/li><\/ul><p data-start=\"1646\" data-end=\"1675\"><strong data-start=\"1646\" data-end=\"1673\">Internationella \u00f6verf\u00f6ringar<\/strong><\/p><ul data-start=\"1676\" data-end=\"1799\"><li data-start=\"1676\" data-end=\"1799\"><p data-start=\"1678\" data-end=\"1799\">Dina uppgifter kan komma att \u00f6verf\u00f6ras till s\u00e4kra servrar utanf\u00f6r din jurisdiktion, i enlighet med g\u00e4llande dataskyddslagar.<\/p><\/li><\/ul><p data-start=\"1801\" data-end=\"1814\"><strong data-start=\"1801\" data-end=\"1812\">F\u00f6r\u00e4ndringar<\/strong><\/p><ul data-start=\"1815\" data-end=\"1914\"><li data-start=\"1815\" data-end=\"1914\"><p data-start=\"1817\" data-end=\"1914\">Denna integritetspolicy kan komma att uppdateras fr\u00e5n tid till annan och kommer alltid att finnas tillg\u00e4nglig p\u00e5 denna sida.<\/p><\/li><\/ul><p data-start=\"1916\" data-end=\"2022\"><strong data-start=\"1916\" data-end=\"1927\">Kontakt<\/strong><br data-start=\"1927\" data-end=\"1930\" \/>F\u00f6r fr\u00e5gor om integritet, mejla: <strong data-start=\"1960\" data-end=\"1989\"><a class=\"decorated-link cursor-pointer\" rel=\"noopener\" data-start=\"1962\" data-end=\"1987\">contact@immediateedge.net<\/a><\/strong><\/p>\t\t\t\t\t\t\t\t<\/div>\n\t\t\t\t\t<\/div>\n\t\t\t\t<\/div>\n\t\t\t\t<\/div>","protected":false},"excerpt":{"rendered":"<p>Integritetspolicy - Immediate Edge IntroduktionDenna integritetspolicy f\u00f6rklarar hur Immediate Edge Ltd, med kontor p\u00e5 167-169 Great Portland Street, London, W1, Storbritannien (\"Immediate Edge\", \"vi\", \"oss\" eller \"v\u00e5r\"), samlar in, anv\u00e4nder och skyddar din information n\u00e4r du anv\u00e4nder v\u00e5r webbplats och handelstj\u00e4nster. Insamling och anv\u00e4ndning av information Personuppgifter: Inkluderar ditt namn, e-post, telefon, [...]<\/p>","protected":false},"author":2,"featured_media":0,"parent":0,"menu_order":0,"comment_status":"closed","ping_status":"closed","template":"elementor_canvas","meta":{"footnotes":""},"class_list":["post-788","page","type-page","status-publish","hentry"],"yoast_head":"<!-- This site is optimized with the Yoast SEO plugin v25.9 - https:\/\/yoast.com\/wordpress\/plugins\/seo\/ -->\n<title>Privacy Policy - Immediate Edge Official<\/title>\n<meta name=\"robots\" content=\"index, follow, max-snippet:-1, max-image-preview:large, max-video-preview:-1\" \/>\n<link rel=\"canonical\" href=\"https:\/\/immediateedge.net\/sv\/integritetspolicy\/\" \/>\n<meta property=\"og:locale\" content=\"sv_SE\" \/>\n<meta property=\"og:type\" content=\"article\" \/>\n<meta property=\"og:title\" content=\"Privacy Policy - Immediate Edge Official\" \/>\n<meta property=\"og:description\" content=\"Privacy Policy \u2013 Immediate Edge IntroductionThis Privacy Policy explains how Immediate Edge Ltd, with offices at 167\u2013169 Great Portland Street, London, W1, United Kingdom (\u201cImmediate Edge\u201d, \u201cwe\u201d, \u201cus\u201d, or \u201cour\u201d), collects, uses, and protects your information when you use our website and trading services. Information Collection and Use Personal Data: Includes your name, email, phone, [&hellip;]\" \/>\n<meta property=\"og:url\" content=\"https:\/\/immediateedge.net\/sv\/integritetspolicy\/\" \/>\n<meta property=\"og:site_name\" content=\"Immediate Edge Official\" \/>\n<meta property=\"article:modified_time\" content=\"2025-10-03T06:12:43+00:00\" \/>\n<meta name=\"twitter:card\" content=\"summary_large_image\" \/>\n<meta name=\"twitter:label1\" content=\"Ber\u00e4knad l\u00e4stid\" \/>\n\t<meta name=\"twitter:data1\" content=\"2 minuter\" \/>\n<script type=\"application\/ld+json\" class=\"yoast-schema-graph\">{\"@context\":\"https:\/\/schema.org\",\"@graph\":[{\"@type\":\"WebPage\",\"@id\":\"https:\/\/immediateedge.net\/privacy-policy\/\",\"url\":\"https:\/\/immediateedge.net\/privacy-policy\/\",\"name\":\"Privacy Policy - Immediate Edge Official\",\"isPartOf\":{\"@id\":\"https:\/\/immediateedge.net\/#website\"},\"datePublished\":\"2025-10-03T06:06:27+00:00\",\"dateModified\":\"2025-10-03T06:12:43+00:00\",\"breadcrumb\":{\"@id\":\"https:\/\/immediateedge.net\/privacy-policy\/#breadcrumb\"},\"inLanguage\":\"sv-SE\",\"potentialAction\":[{\"@type\":\"ReadAction\",\"target\":[\"https:\/\/immediateedge.net\/privacy-policy\/\"]}]},{\"@type\":\"BreadcrumbList\",\"@id\":\"https:\/\/immediateedge.net\/privacy-policy\/#breadcrumb\",\"itemListElement\":[{\"@type\":\"ListItem\",\"position\":1,\"name\":\"Home\",\"item\":\"https:\/\/immediateedge.net\/\"},{\"@type\":\"ListItem\",\"position\":2,\"name\":\"Privacy Policy\"}]},{\"@type\":\"WebSite\",\"@id\":\"https:\/\/immediateedge.net\/#website\",\"url\":\"https:\/\/immediateedge.net\/\",\"name\":\"Immediate Edge Official\",\"description\":\"Trusted Automated Trading Platform\",\"potentialAction\":[{\"@type\":\"SearchAction\",\"target\":{\"@type\":\"EntryPoint\",\"urlTemplate\":\"https:\/\/immediateedge.net\/?s={search_term_string}\"},\"query-input\":{\"@type\":\"PropertyValueSpecification\",\"valueRequired\":true,\"valueName\":\"search_term_string\"}}],\"inLanguage\":\"sv-SE\"}]}<\/script>\n<!-- \/ Yoast SEO plugin. -->","yoast_head_json":{"title":"Integritetspolicy - Immediate Edge Official","robots":{"index":"index","follow":"follow","max-snippet":"max-snippet:-1","max-image-preview":"max-image-preview:large","max-video-preview":"max-video-preview:-1"},"canonical":"https:\/\/immediateedge.net\/sv\/integritetspolicy\/","og_locale":"sv_SE","og_type":"article","og_title":"Privacy Policy - Immediate Edge Official","og_description":"Privacy Policy \u2013 Immediate Edge IntroductionThis Privacy Policy explains how Immediate Edge Ltd, with offices at 167\u2013169 Great Portland Street, London, W1, United Kingdom (\u201cImmediate Edge\u201d, \u201cwe\u201d, \u201cus\u201d, or \u201cour\u201d), collects, uses, and protects your information when you use our website and trading services. Information Collection and Use Personal Data: Includes your name, email, phone, [&hellip;]","og_url":"https:\/\/immediateedge.net\/sv\/integritetspolicy\/","og_site_name":"Immediate Edge Official","article_modified_time":"2025-10-03T06:12:43+00:00","twitter_card":"summary_large_image","twitter_misc":{"Ber\u00e4knad l\u00e4stid":"2 minuter"},"schema":{"@context":"https:\/\/schema.org","@graph":[{"@type":"WebPage","@id":"https:\/\/immediateedge.net\/privacy-policy\/","url":"https:\/\/immediateedge.net\/privacy-policy\/","name":"Integritetspolicy - Immediate Edge Official","isPartOf":{"@id":"https:\/\/immediateedge.net\/#website"},"datePublished":"2025-10-03T06:06:27+00:00","dateModified":"2025-10-03T06:12:43+00:00","breadcrumb":{"@id":"https:\/\/immediateedge.net\/privacy-policy\/#breadcrumb"},"inLanguage":"sv-SE","potentialAction":[{"@type":"ReadAction","target":["https:\/\/immediateedge.net\/privacy-policy\/"]}]},{"@type":"BreadcrumbList","@id":"https:\/\/immediateedge.net\/privacy-policy\/#breadcrumb","itemListElement":[{"@type":"ListItem","position":1,"name":"Home","item":"https:\/\/immediateedge.net\/"},{"@type":"ListItem","position":2,"name":"Privacy Policy"}]},{"@type":"WebSite","@id":"https:\/\/immediateedge.net\/#website","url":"https:\/\/immediateedge.net\/","name":"Immediate Edge Officiell","description":"Betrodd automatiserad handelsplattform","potentialAction":[{"@type":"SearchAction","target":{"@type":"EntryPoint","urlTemplate":"https:\/\/immediateedge.net\/?s={search_term_string}"},"query-input":{"@type":"PropertyValueSpecification","valueRequired":true,"valueName":"search_term_string"}}],"inLanguage":"sv-SE"}]}},"_links":{"self":[{"href":"https:\/\/immediateedge.net\/sv\/wp-json\/wp\/v2\/pages\/788","targetHints":{"allow":["GET"]}}],"collection":[{"href":"https:\/\/immediateedge.net\/sv\/wp-json\/wp\/v2\/pages"}],"about":[{"href":"https:\/\/immediateedge.net\/sv\/wp-json\/wp\/v2\/types\/page"}],"author":[{"embeddable":true,"href":"https:\/\/immediateedge.net\/sv\/wp-json\/wp\/v2\/users\/2"}],"replies":[{"embeddable":true,"href":"https:\/\/immediateedge.net\/sv\/wp-json\/wp\/v2\/comments?post=788"}],"version-history":[{"count":3,"href":"https:\/\/immediateedge.net\/sv\/wp-json\/wp\/v2\/pages\/788\/revisions"}],"predecessor-version":[{"id":797,"href":"https:\/\/immediateedge.net\/sv\/wp-json\/wp\/v2\/pages\/788\/revisions\/797"}],"wp:attachment":[{"href":"https:\/\/immediateedge.net\/sv\/wp-json\/wp\/v2\/media?parent=788"}],"curies":[{"name":"wp","href":"https:\/\/api.w.org\/{rel}","templated":true}]}}