{"id":790,"date":"2025-10-03T06:07:23","date_gmt":"2025-10-03T06:07:23","guid":{"rendered":"https:\/\/immediateedge.net\/?page_id=790"},"modified":"2025-10-03T06:12:30","modified_gmt":"2025-10-03T06:12:30","slug":"conditions-generales","status":"publish","type":"page","link":"https:\/\/immediateedge.net\/fr\/conditions-generales\/","title":{"rendered":"Conditions g\u00e9n\u00e9rales"},"content":{"rendered":"<div data-elementor-type=\"wp-page\" data-elementor-id=\"790\" class=\"elementor elementor-790\" data-elementor-post-type=\"page\">\n\t\t\t\t<div class=\"elementor-element elementor-element-6a119874 e-flex e-con-boxed e-con e-parent\" data-id=\"6a119874\" data-element_type=\"container\">\n\t\t\t\t\t<div class=\"e-con-inner\">\n\t\t\t\t<div class=\"elementor-element elementor-element-17ce95ef elementor-widget elementor-widget-text-editor\" data-id=\"17ce95ef\" data-element_type=\"widget\" data-widget_type=\"text-editor.default\">\n\t\t\t\t\t\t\t\t\t<h2 data-start=\"2029\" data-end=\"2069\">Conditions g\u00e9n\u00e9rales - Immediate Edge<\/h2><p data-start=\"2071\" data-end=\"2242\"><strong data-start=\"2071\" data-end=\"2090\">1. Introduction<\/strong><br data-start=\"2090\" data-end=\"2093\" \/>Bienvenue \u00e0 Immediate Edge. Les pr\u00e9sentes conditions r\u00e9gissent votre utilisation de notre site web et de nos services. En vous inscrivant ou en utilisant notre plateforme, vous acceptez ces conditions.<\/p><p data-start=\"2244\" data-end=\"2454\"><strong data-start=\"2244\" data-end=\"2259\">2. Les services<\/strong><br data-start=\"2259\" data-end=\"2262\" \/>Immediate Edge fournit des logiciels de trading automatis\u00e9s et met en relation les utilisateurs avec des courtiers partenaires. Nous ne sommes pas une institution financi\u00e8re ; notre r\u00f4le est de fournir une technologie de trading et de g\u00e9n\u00e9rer des leads.<\/p><p data-start=\"2456\" data-end=\"2481\"><strong data-start=\"2456\" data-end=\"2479\">3. Obligations de l'utilisateur<\/strong><\/p><ul data-start=\"2482\" data-end=\"2594\"><li data-start=\"2482\" data-end=\"2535\"><p data-start=\"2484\" data-end=\"2535\">Les utilisateurs doivent fournir des donn\u00e9es d'enregistrement exactes.<\/p><\/li><li data-start=\"2536\" data-end=\"2594\"><p data-start=\"2538\" data-end=\"2594\">La plateforme ne doit pas \u00eatre utilis\u00e9e pour des activit\u00e9s ill\u00e9gales.<\/p><\/li><\/ul><p data-start=\"2596\" data-end=\"2776\"><strong data-start=\"2596\" data-end=\"2626\">4. Courtiers et tiers<\/strong><br data-start=\"2626\" data-end=\"2629\" \/>Immediate Edge travaille en partenariat avec des courtiers tiers agr\u00e9\u00e9s. Nous ne sommes pas responsables de leurs actions, de leurs services ou des r\u00e9sultats de leurs activit\u00e9s de trading.<\/p><p data-start=\"2778\" data-end=\"2942\"><strong data-start=\"2778\" data-end=\"2800\">5. Avis de non-responsabilit\u00e9<\/strong><br data-start=\"2800\" data-end=\"2803\" \/>L'\u00e9change de crypto-monnaies comporte des risques importants. Les r\u00e9sultats ne sont pas garantis et les utilisateurs peuvent perdre tout ou partie du capital investi.<\/p><p data-start=\"2944\" data-end=\"3074\"><strong data-start=\"2944\" data-end=\"2974\">6. Limitation de la responsabilit\u00e9<\/strong><br data-start=\"2974\" data-end=\"2977\" \/>Immediate Edge n'est pas responsable des pertes r\u00e9sultant du trading, des actions des courtiers ou de l'utilisation du site web.<\/p><p data-start=\"3076\" data-end=\"3194\"><strong data-start=\"3076\" data-end=\"3098\">7. Indemnisation<\/strong><br data-start=\"3098\" data-end=\"3101\" \/>Les utilisateurs acceptent d'indemniser Immediate Edge en cas de r\u00e9clamation r\u00e9sultant d'une mauvaise utilisation des services.<\/p><p data-start=\"3196\" data-end=\"3325\"><strong data-start=\"3196\" data-end=\"3224\">8. Propri\u00e9t\u00e9 intellectuelle<\/strong><br data-start=\"3224\" data-end=\"3227\" \/>L'ensemble du contenu, des marques et des documents figurant sur Immediate Edge sont la propri\u00e9t\u00e9 de Immediate Edge Ltd.<\/p><p data-start=\"3327\" data-end=\"3421\"><strong data-start=\"3327\" data-end=\"3344\">9. Amendements<\/strong><br data-start=\"3344\" data-end=\"3347\" \/>Nous pouvons mettre \u00e0 jour ces conditions \u00e0 tout moment, en publiant les modifications sur cette page.<\/p><p data-start=\"3423\" data-end=\"3484\"><strong data-start=\"3423\" data-end=\"3444\">10. Droit applicable<\/strong><br data-start=\"3444\" data-end=\"3447\" \/>Les pr\u00e9sentes conditions sont r\u00e9gies par le droit britannique.<\/p><p data-start=\"3486\" data-end=\"3613\"><strong data-start=\"3486\" data-end=\"3512\">11. R\u00e9solution des litiges<\/strong><br data-start=\"3512\" data-end=\"3515\" \/>Les litiges seront r\u00e9solus par arbitrage au Royaume-Uni, \u00e0 moins que la l\u00e9gislation locale n'en dispose autrement.<\/p><p data-start=\"3615\" data-end=\"3760\"><strong data-start=\"3615\" data-end=\"3630\">12. Contact<\/strong><br data-start=\"3630\" data-end=\"3633\" \/>Courriel : <strong data-start=\"3640\" data-end=\"3669\"><a class=\"decorated-link cursor-pointer\" rel=\"noopener\" data-start=\"3642\" data-end=\"3667\">contact@immediateedge.net<\/a><\/strong><\/p>\t\t\t\t\t\t\t\t<\/div>\n\t\t\t\t\t<\/div>\n\t\t\t\t<\/div>\n\t\t\t\t<\/div>","protected":false},"excerpt":{"rendered":"<p>Conditions g\u00e9n\u00e9rales - Immediate Edge 1. IntroductionBienvenue \u00e0 Immediate Edge. Les pr\u00e9sentes conditions r\u00e9gissent votre utilisation de notre site web et de nos services. En vous inscrivant ou en utilisant notre plateforme, vous acceptez ces conditions. 2. ServicesImmediate Edge fournit un logiciel de trading automatis\u00e9 et met les utilisateurs en relation avec des courtiers partenaires. Nous ne sommes pas une institution financi\u00e8re ; notre r\u00f4le est de [...]<\/p>","protected":false},"author":2,"featured_media":0,"parent":0,"menu_order":0,"comment_status":"closed","ping_status":"closed","template":"elementor_header_footer","meta":{"footnotes":""},"class_list":["post-790","page","type-page","status-publish","hentry"],"yoast_head":"<!-- This site is optimized with the Yoast SEO plugin v25.9 - https:\/\/yoast.com\/wordpress\/plugins\/seo\/ -->\n<title>Terms Conditions - Immediate Edge Official<\/title>\n<meta name=\"robots\" content=\"index, follow, max-snippet:-1, max-image-preview:large, max-video-preview:-1\" \/>\n<link rel=\"canonical\" href=\"https:\/\/immediateedge.net\/fr\/conditions-generales\/\" \/>\n<meta property=\"og:locale\" content=\"fr_FR\" \/>\n<meta property=\"og:type\" content=\"article\" \/>\n<meta property=\"og:title\" content=\"Terms Conditions - Immediate Edge Official\" \/>\n<meta property=\"og:description\" content=\"Terms &amp; Conditions \u2013 Immediate Edge 1. IntroductionWelcome to Immediate Edge. These Terms govern your use of our website and services. By registering or using our platform, you agree to these Terms. 2. ServicesImmediate Edge provides automated trading software and connects users to partnered brokers. We are not a financial institution; our role is to [&hellip;]\" \/>\n<meta property=\"og:url\" content=\"https:\/\/immediateedge.net\/fr\/conditions-generales\/\" \/>\n<meta property=\"og:site_name\" content=\"Immediate Edge Official\" \/>\n<meta property=\"article:modified_time\" content=\"2025-10-03T06:12:30+00:00\" \/>\n<meta name=\"twitter:card\" content=\"summary_large_image\" \/>\n<meta name=\"twitter:label1\" content=\"Dur\u00e9e de lecture estim\u00e9e\" \/>\n\t<meta name=\"twitter:data1\" content=\"1 minute\" \/>\n<script type=\"application\/ld+json\" class=\"yoast-schema-graph\">{\"@context\":\"https:\/\/schema.org\",\"@graph\":[{\"@type\":\"WebPage\",\"@id\":\"https:\/\/immediateedge.net\/terms-conditions\/\",\"url\":\"https:\/\/immediateedge.net\/terms-conditions\/\",\"name\":\"Terms Conditions - Immediate Edge Official\",\"isPartOf\":{\"@id\":\"https:\/\/immediateedge.net\/#website\"},\"datePublished\":\"2025-10-03T06:07:23+00:00\",\"dateModified\":\"2025-10-03T06:12:30+00:00\",\"breadcrumb\":{\"@id\":\"https:\/\/immediateedge.net\/terms-conditions\/#breadcrumb\"},\"inLanguage\":\"fr-FR\",\"potentialAction\":[{\"@type\":\"ReadAction\",\"target\":[\"https:\/\/immediateedge.net\/terms-conditions\/\"]}]},{\"@type\":\"BreadcrumbList\",\"@id\":\"https:\/\/immediateedge.net\/terms-conditions\/#breadcrumb\",\"itemListElement\":[{\"@type\":\"ListItem\",\"position\":1,\"name\":\"Home\",\"item\":\"https:\/\/immediateedge.net\/\"},{\"@type\":\"ListItem\",\"position\":2,\"name\":\"Terms Conditions\"}]},{\"@type\":\"WebSite\",\"@id\":\"https:\/\/immediateedge.net\/#website\",\"url\":\"https:\/\/immediateedge.net\/\",\"name\":\"Immediate Edge Official\",\"description\":\"Trusted Automated Trading Platform\",\"potentialAction\":[{\"@type\":\"SearchAction\",\"target\":{\"@type\":\"EntryPoint\",\"urlTemplate\":\"https:\/\/immediateedge.net\/?s={search_term_string}\"},\"query-input\":{\"@type\":\"PropertyValueSpecification\",\"valueRequired\":true,\"valueName\":\"search_term_string\"}}],\"inLanguage\":\"fr-FR\"}]}<\/script>\n<!-- \/ Yoast SEO plugin. -->","yoast_head_json":{"title":"Conditions g\u00e9n\u00e9rales - Immediate Edge Official","robots":{"index":"index","follow":"follow","max-snippet":"max-snippet:-1","max-image-preview":"max-image-preview:large","max-video-preview":"max-video-preview:-1"},"canonical":"https:\/\/immediateedge.net\/fr\/conditions-generales\/","og_locale":"fr_FR","og_type":"article","og_title":"Terms Conditions - Immediate Edge Official","og_description":"Terms &amp; Conditions \u2013 Immediate Edge 1. IntroductionWelcome to Immediate Edge. These Terms govern your use of our website and services. By registering or using our platform, you agree to these Terms. 2. ServicesImmediate Edge provides automated trading software and connects users to partnered brokers. We are not a financial institution; our role is to [&hellip;]","og_url":"https:\/\/immediateedge.net\/fr\/conditions-generales\/","og_site_name":"Immediate Edge Official","article_modified_time":"2025-10-03T06:12:30+00:00","twitter_card":"summary_large_image","twitter_misc":{"Dur\u00e9e de lecture estim\u00e9e":"1 minute"},"schema":{"@context":"https:\/\/schema.org","@graph":[{"@type":"WebPage","@id":"https:\/\/immediateedge.net\/terms-conditions\/","url":"https:\/\/immediateedge.net\/terms-conditions\/","name":"Conditions g\u00e9n\u00e9rales - Immediate Edge Official","isPartOf":{"@id":"https:\/\/immediateedge.net\/#website"},"datePublished":"2025-10-03T06:07:23+00:00","dateModified":"2025-10-03T06:12:30+00:00","breadcrumb":{"@id":"https:\/\/immediateedge.net\/terms-conditions\/#breadcrumb"},"inLanguage":"fr-FR","potentialAction":[{"@type":"ReadAction","target":["https:\/\/immediateedge.net\/terms-conditions\/"]}]},{"@type":"BreadcrumbList","@id":"https:\/\/immediateedge.net\/terms-conditions\/#breadcrumb","itemListElement":[{"@type":"ListItem","position":1,"name":"Home","item":"https:\/\/immediateedge.net\/"},{"@type":"ListItem","position":2,"name":"Terms Conditions"}]},{"@type":"WebSite","@id":"https:\/\/immediateedge.net\/#website","url":"https:\/\/immediateedge.net\/","name":"Immediate Edge Officiel","description":"Une plateforme de trading automatis\u00e9e de confiance","potentialAction":[{"@type":"SearchAction","target":{"@type":"EntryPoint","urlTemplate":"https:\/\/immediateedge.net\/?s={search_term_string}"},"query-input":{"@type":"PropertyValueSpecification","valueRequired":true,"valueName":"search_term_string"}}],"inLanguage":"fr-FR"}]}},"_links":{"self":[{"href":"https:\/\/immediateedge.net\/fr\/wp-json\/wp\/v2\/pages\/790","targetHints":{"allow":["GET"]}}],"collection":[{"href":"https:\/\/immediateedge.net\/fr\/wp-json\/wp\/v2\/pages"}],"about":[{"href":"https:\/\/immediateedge.net\/fr\/wp-json\/wp\/v2\/types\/page"}],"author":[{"embeddable":true,"href":"https:\/\/immediateedge.net\/fr\/wp-json\/wp\/v2\/users\/2"}],"replies":[{"embeddable":true,"href":"https:\/\/immediateedge.net\/fr\/wp-json\/wp\/v2\/comments?post=790"}],"version-history":[{"count":3,"href":"https:\/\/immediateedge.net\/fr\/wp-json\/wp\/v2\/pages\/790\/revisions"}],"predecessor-version":[{"id":794,"href":"https:\/\/immediateedge.net\/fr\/wp-json\/wp\/v2\/pages\/790\/revisions\/794"}],"wp:attachment":[{"href":"https:\/\/immediateedge.net\/fr\/wp-json\/wp\/v2\/media?parent=790"}],"curies":[{"name":"wp","href":"https:\/\/api.w.org\/{rel}","templated":true}]}}