{"id":788,"date":"2025-10-03T06:06:27","date_gmt":"2025-10-03T06:06:27","guid":{"rendered":"https:\/\/immediateedge.net\/?page_id=788"},"modified":"2025-10-03T06:12:43","modified_gmt":"2025-10-03T06:12:43","slug":"politique-de-confidentialite","status":"publish","type":"page","link":"https:\/\/immediateedge.net\/fr\/politique-de-confidentialite\/","title":{"rendered":"Politique de confidentialit\u00e9"},"content":{"rendered":"<div data-elementor-type=\"wp-page\" data-elementor-id=\"788\" class=\"elementor elementor-788\" data-elementor-post-type=\"page\">\n\t\t\t\t<div class=\"elementor-element elementor-element-499f46a0 e-flex e-con-boxed e-con e-parent\" data-id=\"499f46a0\" data-element_type=\"container\">\n\t\t\t\t\t<div class=\"e-con-inner\">\n\t\t\t\t<div class=\"elementor-element elementor-element-4f5eae27 elementor-widget elementor-widget-text-editor\" data-id=\"4f5eae27\" data-element_type=\"widget\" data-widget_type=\"text-editor.default\">\n\t\t\t\t\t\t\t\t\t<h2 data-start=\"256\" data-end=\"292\">Politique de confidentialit\u00e9 - Immediate Edge<\/h2><p data-start=\"294\" data-end=\"576\"><strong data-start=\"294\" data-end=\"310\">Introduction<\/strong><br data-start=\"310\" data-end=\"313\" \/>La pr\u00e9sente politique de confidentialit\u00e9 explique comment Immediate Edge Ltd, dont les bureaux sont situ\u00e9s au 167-169 Great Portland Street, Londres, W1, Royaume-Uni (\"Immediate Edge\", \"nous\", \"notre\" ou \"nos\"), recueille, utilise et prot\u00e8ge vos informations lorsque vous utilisez notre site web et nos services commerciaux.<\/p><p data-start=\"578\" data-end=\"614\"><strong data-start=\"578\" data-end=\"612\">Collecte et utilisation des informations<\/strong><\/p><ul data-start=\"615\" data-end=\"1027\"><li data-start=\"615\" data-end=\"745\"><p data-start=\"617\" data-end=\"745\"><strong data-start=\"617\" data-end=\"634\">Donn\u00e9es personnelles<\/strong>: Comprend votre nom, votre adresse \u00e9lectronique, votre num\u00e9ro de t\u00e9l\u00e9phone et tous les d\u00e9tails que vous fournissez lors de l'enregistrement d'un compte ou d'une communication.<\/p><\/li><li data-start=\"746\" data-end=\"848\"><p data-start=\"748\" data-end=\"848\"><strong data-start=\"748\" data-end=\"762\">Donn\u00e9es d'utilisation<\/strong>: Comprend des donn\u00e9es telles que les pages visit\u00e9es, le temps pass\u00e9 et les interactions sur notre plateforme.<\/p><\/li><li data-start=\"849\" data-end=\"1027\"><p data-start=\"851\" data-end=\"1027\"><strong data-start=\"851\" data-end=\"866\">Utilisation des donn\u00e9es<\/strong>: Nous utilisons ces informations pour permettre l'acc\u00e8s \u00e0 notre plateforme de n\u00e9gociation automatis\u00e9e, traiter les inscriptions, communiquer avec vous et nous conformer aux exigences l\u00e9gales.<\/p><\/li><\/ul><p data-start=\"1029\" data-end=\"1062\"><strong data-start=\"1029\" data-end=\"1060\">Partage et divulgation des donn\u00e9es<\/strong><\/p><ul data-start=\"1063\" data-end=\"1249\"><li data-start=\"1063\" data-end=\"1166\"><p data-start=\"1065\" data-end=\"1166\">Nous pouvons partager vos donn\u00e9es personnelles avec des courtiers ou des soci\u00e9t\u00e9s tierces de confiance pour des services de n\u00e9gociation.<\/p><\/li><li data-start=\"1167\" data-end=\"1249\"><p data-start=\"1169\" data-end=\"1249\">Les informations peuvent \u00e9galement \u00eatre divulgu\u00e9es si la loi l'exige ou pour prot\u00e9ger nos droits.<\/p><\/li><\/ul><p data-start=\"1251\" data-end=\"1270\"><strong data-start=\"1251\" data-end=\"1268\">S\u00e9curit\u00e9 des donn\u00e9es<\/strong><\/p><ul data-start=\"1271\" data-end=\"1390\"><li data-start=\"1271\" data-end=\"1390\"><p data-start=\"1273\" data-end=\"1390\">Nous utilisons le cryptage, l'authentification s\u00e9curis\u00e9e et des mesures de protection conformes aux normes de l'industrie pour prot\u00e9ger vos informations personnelles.<\/p><\/li><\/ul><p data-start=\"1392\" data-end=\"1405\"><strong data-start=\"1392\" data-end=\"1403\">Cookies<\/strong><\/p><ul data-start=\"1406\" data-end=\"1538\"><li data-start=\"1406\" data-end=\"1538\"><p data-start=\"1408\" data-end=\"1538\">Immediate Edge utilise des cookies et des technologies de suivi pour am\u00e9liorer la fonctionnalit\u00e9 du site, l'exp\u00e9rience de l'utilisateur et les performances marketing.<\/p><\/li><\/ul><p data-start=\"1540\" data-end=\"1557\"><strong data-start=\"1540\" data-end=\"1555\">Vos droits<\/strong><\/p><ul data-start=\"1558\" data-end=\"1644\"><li data-start=\"1558\" data-end=\"1644\"><p data-start=\"1560\" data-end=\"1644\">Vous pouvez \u00e0 tout moment demander l'acc\u00e8s, la correction ou la suppression de vos donn\u00e9es personnelles.<\/p><\/li><\/ul><p data-start=\"1646\" data-end=\"1675\"><strong data-start=\"1646\" data-end=\"1673\">Transferts internationaux<\/strong><\/p><ul data-start=\"1676\" data-end=\"1799\"><li data-start=\"1676\" data-end=\"1799\"><p data-start=\"1678\" data-end=\"1799\">Vos donn\u00e9es peuvent \u00eatre transf\u00e9r\u00e9es vers des serveurs s\u00e9curis\u00e9s en dehors de votre juridiction, conform\u00e9ment aux lois applicables en mati\u00e8re de protection des donn\u00e9es.<\/p><\/li><\/ul><p data-start=\"1801\" data-end=\"1814\"><strong data-start=\"1801\" data-end=\"1812\">Changements<\/strong><\/p><ul data-start=\"1815\" data-end=\"1914\"><li data-start=\"1815\" data-end=\"1914\"><p data-start=\"1817\" data-end=\"1914\">La pr\u00e9sente politique de confidentialit\u00e9 peut \u00eatre mise \u00e0 jour de temps \u00e0 autre et sera toujours disponible sur cette page.<\/p><\/li><\/ul><p data-start=\"1916\" data-end=\"2022\"><strong data-start=\"1916\" data-end=\"1927\">Contact<\/strong><br data-start=\"1927\" data-end=\"1930\" \/>Pour toute question relative \u00e0 la protection de la vie priv\u00e9e, envoyez un courriel : <strong data-start=\"1960\" data-end=\"1989\"><a class=\"decorated-link cursor-pointer\" rel=\"noopener\" data-start=\"1962\" data-end=\"1987\">contact@immediateedge.net<\/a><\/strong><\/p>\t\t\t\t\t\t\t\t<\/div>\n\t\t\t\t\t<\/div>\n\t\t\t\t<\/div>\n\t\t\t\t<\/div>","protected":false},"excerpt":{"rendered":"<p>Politique de confidentialit\u00e9 - Immediate Edge IntroductionLa pr\u00e9sente politique de confidentialit\u00e9 explique comment Immediate Edge Ltd, dont les bureaux sont situ\u00e9s au 167-169 Great Portland Street, Londres, W1, Royaume-Uni (\"Immediate Edge\", \"nous\", \"notre\" ou \"nos\"), recueille, utilise et prot\u00e8ge vos informations lorsque vous utilisez notre site web et nos services commerciaux. Collecte et utilisation des informations Donn\u00e9es personnelles : Comprend votre nom, votre adresse \u00e9lectronique, votre t\u00e9l\u00e9phone, [...]<\/p>","protected":false},"author":2,"featured_media":0,"parent":0,"menu_order":0,"comment_status":"closed","ping_status":"closed","template":"elementor_canvas","meta":{"footnotes":""},"class_list":["post-788","page","type-page","status-publish","hentry"],"yoast_head":"<!-- This site is optimized with the Yoast SEO plugin v25.9 - https:\/\/yoast.com\/wordpress\/plugins\/seo\/ -->\n<title>Privacy Policy - Immediate Edge Official<\/title>\n<meta name=\"robots\" content=\"index, follow, max-snippet:-1, max-image-preview:large, max-video-preview:-1\" \/>\n<link rel=\"canonical\" href=\"https:\/\/immediateedge.net\/fr\/politique-de-confidentialite\/\" \/>\n<meta property=\"og:locale\" content=\"fr_FR\" \/>\n<meta property=\"og:type\" content=\"article\" \/>\n<meta property=\"og:title\" content=\"Privacy Policy - Immediate Edge Official\" \/>\n<meta property=\"og:description\" content=\"Privacy Policy \u2013 Immediate Edge IntroductionThis Privacy Policy explains how Immediate Edge Ltd, with offices at 167\u2013169 Great Portland Street, London, W1, United Kingdom (\u201cImmediate Edge\u201d, \u201cwe\u201d, \u201cus\u201d, or \u201cour\u201d), collects, uses, and protects your information when you use our website and trading services. Information Collection and Use Personal Data: Includes your name, email, phone, [&hellip;]\" \/>\n<meta property=\"og:url\" content=\"https:\/\/immediateedge.net\/fr\/politique-de-confidentialite\/\" \/>\n<meta property=\"og:site_name\" content=\"Immediate Edge Official\" \/>\n<meta property=\"article:modified_time\" content=\"2025-10-03T06:12:43+00:00\" \/>\n<meta name=\"twitter:card\" content=\"summary_large_image\" \/>\n<meta name=\"twitter:label1\" content=\"Dur\u00e9e de lecture estim\u00e9e\" \/>\n\t<meta name=\"twitter:data1\" content=\"2 minutes\" \/>\n<script type=\"application\/ld+json\" class=\"yoast-schema-graph\">{\"@context\":\"https:\/\/schema.org\",\"@graph\":[{\"@type\":\"WebPage\",\"@id\":\"https:\/\/immediateedge.net\/privacy-policy\/\",\"url\":\"https:\/\/immediateedge.net\/privacy-policy\/\",\"name\":\"Privacy Policy - Immediate Edge Official\",\"isPartOf\":{\"@id\":\"https:\/\/immediateedge.net\/#website\"},\"datePublished\":\"2025-10-03T06:06:27+00:00\",\"dateModified\":\"2025-10-03T06:12:43+00:00\",\"breadcrumb\":{\"@id\":\"https:\/\/immediateedge.net\/privacy-policy\/#breadcrumb\"},\"inLanguage\":\"fr-FR\",\"potentialAction\":[{\"@type\":\"ReadAction\",\"target\":[\"https:\/\/immediateedge.net\/privacy-policy\/\"]}]},{\"@type\":\"BreadcrumbList\",\"@id\":\"https:\/\/immediateedge.net\/privacy-policy\/#breadcrumb\",\"itemListElement\":[{\"@type\":\"ListItem\",\"position\":1,\"name\":\"Home\",\"item\":\"https:\/\/immediateedge.net\/\"},{\"@type\":\"ListItem\",\"position\":2,\"name\":\"Privacy Policy\"}]},{\"@type\":\"WebSite\",\"@id\":\"https:\/\/immediateedge.net\/#website\",\"url\":\"https:\/\/immediateedge.net\/\",\"name\":\"Immediate Edge Official\",\"description\":\"Trusted Automated Trading Platform\",\"potentialAction\":[{\"@type\":\"SearchAction\",\"target\":{\"@type\":\"EntryPoint\",\"urlTemplate\":\"https:\/\/immediateedge.net\/?s={search_term_string}\"},\"query-input\":{\"@type\":\"PropertyValueSpecification\",\"valueRequired\":true,\"valueName\":\"search_term_string\"}}],\"inLanguage\":\"fr-FR\"}]}<\/script>\n<!-- \/ Yoast SEO plugin. -->","yoast_head_json":{"title":"Politique de confidentialit\u00e9 - Immediate Edge Official","robots":{"index":"index","follow":"follow","max-snippet":"max-snippet:-1","max-image-preview":"max-image-preview:large","max-video-preview":"max-video-preview:-1"},"canonical":"https:\/\/immediateedge.net\/fr\/politique-de-confidentialite\/","og_locale":"fr_FR","og_type":"article","og_title":"Privacy Policy - Immediate Edge Official","og_description":"Privacy Policy \u2013 Immediate Edge IntroductionThis Privacy Policy explains how Immediate Edge Ltd, with offices at 167\u2013169 Great Portland Street, London, W1, United Kingdom (\u201cImmediate Edge\u201d, \u201cwe\u201d, \u201cus\u201d, or \u201cour\u201d), collects, uses, and protects your information when you use our website and trading services. Information Collection and Use Personal Data: Includes your name, email, phone, [&hellip;]","og_url":"https:\/\/immediateedge.net\/fr\/politique-de-confidentialite\/","og_site_name":"Immediate Edge Official","article_modified_time":"2025-10-03T06:12:43+00:00","twitter_card":"summary_large_image","twitter_misc":{"Dur\u00e9e de lecture estim\u00e9e":"2 minutes"},"schema":{"@context":"https:\/\/schema.org","@graph":[{"@type":"WebPage","@id":"https:\/\/immediateedge.net\/privacy-policy\/","url":"https:\/\/immediateedge.net\/privacy-policy\/","name":"Politique de confidentialit\u00e9 - Immediate Edge Official","isPartOf":{"@id":"https:\/\/immediateedge.net\/#website"},"datePublished":"2025-10-03T06:06:27+00:00","dateModified":"2025-10-03T06:12:43+00:00","breadcrumb":{"@id":"https:\/\/immediateedge.net\/privacy-policy\/#breadcrumb"},"inLanguage":"fr-FR","potentialAction":[{"@type":"ReadAction","target":["https:\/\/immediateedge.net\/privacy-policy\/"]}]},{"@type":"BreadcrumbList","@id":"https:\/\/immediateedge.net\/privacy-policy\/#breadcrumb","itemListElement":[{"@type":"ListItem","position":1,"name":"Home","item":"https:\/\/immediateedge.net\/"},{"@type":"ListItem","position":2,"name":"Privacy Policy"}]},{"@type":"WebSite","@id":"https:\/\/immediateedge.net\/#website","url":"https:\/\/immediateedge.net\/","name":"Immediate Edge Officiel","description":"Une plateforme de trading automatis\u00e9e de confiance","potentialAction":[{"@type":"SearchAction","target":{"@type":"EntryPoint","urlTemplate":"https:\/\/immediateedge.net\/?s={search_term_string}"},"query-input":{"@type":"PropertyValueSpecification","valueRequired":true,"valueName":"search_term_string"}}],"inLanguage":"fr-FR"}]}},"_links":{"self":[{"href":"https:\/\/immediateedge.net\/fr\/wp-json\/wp\/v2\/pages\/788","targetHints":{"allow":["GET"]}}],"collection":[{"href":"https:\/\/immediateedge.net\/fr\/wp-json\/wp\/v2\/pages"}],"about":[{"href":"https:\/\/immediateedge.net\/fr\/wp-json\/wp\/v2\/types\/page"}],"author":[{"embeddable":true,"href":"https:\/\/immediateedge.net\/fr\/wp-json\/wp\/v2\/users\/2"}],"replies":[{"embeddable":true,"href":"https:\/\/immediateedge.net\/fr\/wp-json\/wp\/v2\/comments?post=788"}],"version-history":[{"count":3,"href":"https:\/\/immediateedge.net\/fr\/wp-json\/wp\/v2\/pages\/788\/revisions"}],"predecessor-version":[{"id":797,"href":"https:\/\/immediateedge.net\/fr\/wp-json\/wp\/v2\/pages\/788\/revisions\/797"}],"wp:attachment":[{"href":"https:\/\/immediateedge.net\/fr\/wp-json\/wp\/v2\/media?parent=788"}],"curies":[{"name":"wp","href":"https:\/\/api.w.org\/{rel}","templated":true}]}}