{"id":790,"date":"2025-10-03T06:07:23","date_gmt":"2025-10-03T06:07:23","guid":{"rendered":"https:\/\/immediateedge.net\/?page_id=790"},"modified":"2025-10-03T06:12:30","modified_gmt":"2025-10-03T06:12:30","slug":"ehdot-ehdot","status":"publish","type":"page","link":"https:\/\/immediateedge.net\/fi\/ehdot-ehdot\/","title":{"rendered":"Ehdot Ehdot"},"content":{"rendered":"<div data-elementor-type=\"wp-page\" data-elementor-id=\"790\" class=\"elementor elementor-790\" data-elementor-post-type=\"page\">\n\t\t\t\t<div class=\"elementor-element elementor-element-6a119874 e-flex e-con-boxed e-con e-parent\" data-id=\"6a119874\" data-element_type=\"container\">\n\t\t\t\t\t<div class=\"e-con-inner\">\n\t\t\t\t<div class=\"elementor-element elementor-element-17ce95ef elementor-widget elementor-widget-text-editor\" data-id=\"17ce95ef\" data-element_type=\"widget\" data-widget_type=\"text-editor.default\">\n\t\t\t\t\t\t\t\t\t<h2 data-start=\"2029\" data-end=\"2069\">Ehdot ja edellytykset - Immediate Edge<\/h2><p data-start=\"2071\" data-end=\"2242\"><strong data-start=\"2071\" data-end=\"2090\">1. Johdanto<\/strong><br data-start=\"2090\" data-end=\"2093\" \/>Tervetuloa Immediate Edge:hen. N\u00e4m\u00e4 ehdot koskevat verkkosivustomme ja palveluidemme k\u00e4ytt\u00f6\u00e4. Rekister\u00f6itym\u00e4ll\u00e4 tai k\u00e4ytt\u00e4m\u00e4ll\u00e4 alustaa hyv\u00e4ksyt n\u00e4m\u00e4 ehdot.<\/p><p data-start=\"2244\" data-end=\"2454\"><strong data-start=\"2244\" data-end=\"2259\">2. Palvelut<\/strong><br data-start=\"2259\" data-end=\"2262\" \/>Immediate Edge tarjoaa automatisoituja kaupank\u00e4yntiohjelmistoja ja yhdist\u00e4\u00e4 k\u00e4ytt\u00e4j\u00e4t kumppaneina toimiviin v\u00e4litt\u00e4jiin. Emme ole rahoituslaitos, vaan teht\u00e4v\u00e4mme on tarjota kaupank\u00e4yntiteknologiaa ja liidien tuottamista.<\/p><p data-start=\"2456\" data-end=\"2481\"><strong data-start=\"2456\" data-end=\"2479\">3. K\u00e4ytt\u00e4j\u00e4n velvollisuudet<\/strong><\/p><ul data-start=\"2482\" data-end=\"2594\"><li data-start=\"2482\" data-end=\"2535\"><p data-start=\"2484\" data-end=\"2535\">K\u00e4ytt\u00e4jien on annettava tarkat rekister\u00f6intitiedot.<\/p><\/li><li data-start=\"2536\" data-end=\"2594\"><p data-start=\"2538\" data-end=\"2594\">Alustaa ei saa k\u00e4ytt\u00e4\u00e4 laittomaan toimintaan.<\/p><\/li><\/ul><p data-start=\"2596\" data-end=\"2776\"><strong data-start=\"2596\" data-end=\"2626\">4. V\u00e4litt\u00e4j\u00e4t ja kolmannet osapuolet<\/strong><br data-start=\"2626\" data-end=\"2629\" \/>Immediate Edge toimii yhteisty\u00f6ss\u00e4 lisensoitujen kolmansien osapuolten v\u00e4litt\u00e4jien kanssa. Emme ole vastuussa niiden toimista, palveluista tai kaupank\u00e4ynnin tuloksista.<\/p><p data-start=\"2778\" data-end=\"2942\"><strong data-start=\"2778\" data-end=\"2800\">5. Riskist\u00e4 vastuuvapauslauseke<\/strong><br data-start=\"2800\" data-end=\"2803\" \/>Kryptovaluutoilla k\u00e4yt\u00e4v\u00e4\u00e4n kaupank\u00e4yntiin liittyy merkitt\u00e4v\u00e4 riski. Tuloksia ei voida taata, ja k\u00e4ytt\u00e4j\u00e4t voivat menett\u00e4\u00e4 sijoitetun p\u00e4\u00e4omansa osittain tai kokonaan.<\/p><p data-start=\"2944\" data-end=\"3074\"><strong data-start=\"2944\" data-end=\"2974\">6. Vastuun rajoittaminen<\/strong><br data-start=\"2974\" data-end=\"2977\" \/>Immediate Edge ei ole vastuussa kaupank\u00e4ynnist\u00e4, v\u00e4litt\u00e4j\u00e4n toimista tai verkkosivuston k\u00e4yt\u00f6st\u00e4 aiheutuvista tappioista.<\/p><p data-start=\"3076\" data-end=\"3194\"><strong data-start=\"3076\" data-end=\"3098\">7. Vahingonkorvaus<\/strong><br data-start=\"3098\" data-end=\"3101\" \/>K\u00e4ytt\u00e4j\u00e4t sitoutuvat vapauttamaan Immediate Edge:n korvausvaatimuksista, jotka johtuvat palvelujen v\u00e4\u00e4rink\u00e4yt\u00f6st\u00e4.<\/p><p data-start=\"3196\" data-end=\"3325\"><strong data-start=\"3196\" data-end=\"3224\">8. Henkinen omaisuus<\/strong><br data-start=\"3224\" data-end=\"3227\" \/>Kaikki Immediate Edge:n sis\u00e4lt\u00f6, tavaramerkit ja materiaalit ovat Immediate Edge Oy:n omaisuutta.<\/p><p data-start=\"3327\" data-end=\"3421\"><strong data-start=\"3327\" data-end=\"3344\">9. Tarkistukset<\/strong><br data-start=\"3344\" data-end=\"3347\" \/>Voimme p\u00e4ivitt\u00e4\u00e4 n\u00e4it\u00e4 k\u00e4ytt\u00f6ehtoja milloin tahansa, ja muutokset julkaistaan t\u00e4ll\u00e4 sivulla.<\/p><p data-start=\"3423\" data-end=\"3484\"><strong data-start=\"3423\" data-end=\"3444\">10. Sovellettava laki<\/strong><br data-start=\"3444\" data-end=\"3447\" \/>N\u00e4ihin ehtoihin sovelletaan Yhdistyneen kuningaskunnan lakia.<\/p><p data-start=\"3486\" data-end=\"3613\"><strong data-start=\"3486\" data-end=\"3512\">11. Riitojen ratkaiseminen<\/strong><br data-start=\"3512\" data-end=\"3515\" \/>Riidat ratkaistaan v\u00e4limiesmenettelyll\u00e4 Yhdistyneess\u00e4 kuningaskunnassa, ellei paikallinen lains\u00e4\u00e4d\u00e4nt\u00f6 toisin edellyt\u00e4.<\/p><p data-start=\"3615\" data-end=\"3760\"><strong data-start=\"3615\" data-end=\"3630\">12. Yhteystiedot<\/strong><br data-start=\"3630\" data-end=\"3633\" \/>S\u00e4hk\u00f6posti: <strong data-start=\"3640\" data-end=\"3669\"><a class=\"decorated-link cursor-pointer\" rel=\"noopener\" data-start=\"3642\" data-end=\"3667\">contact@immediateedge.net<\/a><\/strong><\/p>\t\t\t\t\t\t\t\t<\/div>\n\t\t\t\t\t<\/div>\n\t\t\t\t<\/div>\n\t\t\t\t<\/div>","protected":false},"excerpt":{"rendered":"<p>K\u00e4ytt\u00f6ehdot - Immediate Edge 1. JohdantoTervetuloa Immediate Edge:hen. N\u00e4m\u00e4 ehdot koskevat verkkosivustomme ja palveluidemme k\u00e4ytt\u00f6\u00e4si. Rekister\u00f6itym\u00e4ll\u00e4 tai k\u00e4ytt\u00e4m\u00e4ll\u00e4 alustamme hyv\u00e4ksyt n\u00e4m\u00e4 ehdot. 2. PalvelutImmediate Edge tarjoaa automatisoituja kaupank\u00e4yntiohjelmistoja ja yhdist\u00e4\u00e4 k\u00e4ytt\u00e4j\u00e4t kumppaneina toimiviin v\u00e4litt\u00e4jiin. Emme ole rahoituslaitos; teht\u00e4v\u00e4mme on [...]<\/p>","protected":false},"author":2,"featured_media":0,"parent":0,"menu_order":0,"comment_status":"closed","ping_status":"closed","template":"elementor_header_footer","meta":{"footnotes":""},"class_list":["post-790","page","type-page","status-publish","hentry"],"yoast_head":"<!-- This site is optimized with the Yoast SEO plugin v25.9 - https:\/\/yoast.com\/wordpress\/plugins\/seo\/ -->\n<title>Terms Conditions - Immediate Edge Official<\/title>\n<meta name=\"robots\" content=\"index, follow, max-snippet:-1, max-image-preview:large, max-video-preview:-1\" \/>\n<link rel=\"canonical\" href=\"https:\/\/immediateedge.net\/fi\/ehdot-ehdot\/\" \/>\n<meta property=\"og:locale\" content=\"fi_FI\" \/>\n<meta property=\"og:type\" content=\"article\" \/>\n<meta property=\"og:title\" content=\"Terms Conditions - Immediate Edge Official\" \/>\n<meta property=\"og:description\" content=\"Terms &amp; Conditions \u2013 Immediate Edge 1. IntroductionWelcome to Immediate Edge. These Terms govern your use of our website and services. By registering or using our platform, you agree to these Terms. 2. ServicesImmediate Edge provides automated trading software and connects users to partnered brokers. We are not a financial institution; our role is to [&hellip;]\" \/>\n<meta property=\"og:url\" content=\"https:\/\/immediateedge.net\/fi\/ehdot-ehdot\/\" \/>\n<meta property=\"og:site_name\" content=\"Immediate Edge Official\" \/>\n<meta property=\"article:modified_time\" content=\"2025-10-03T06:12:30+00:00\" \/>\n<meta name=\"twitter:card\" content=\"summary_large_image\" \/>\n<meta name=\"twitter:label1\" content=\"Arvioitu lukuaika\" \/>\n\t<meta name=\"twitter:data1\" content=\"1 minuutti\" \/>\n<script type=\"application\/ld+json\" class=\"yoast-schema-graph\">{\"@context\":\"https:\/\/schema.org\",\"@graph\":[{\"@type\":\"WebPage\",\"@id\":\"https:\/\/immediateedge.net\/terms-conditions\/\",\"url\":\"https:\/\/immediateedge.net\/terms-conditions\/\",\"name\":\"Terms Conditions - Immediate Edge Official\",\"isPartOf\":{\"@id\":\"https:\/\/immediateedge.net\/#website\"},\"datePublished\":\"2025-10-03T06:07:23+00:00\",\"dateModified\":\"2025-10-03T06:12:30+00:00\",\"breadcrumb\":{\"@id\":\"https:\/\/immediateedge.net\/terms-conditions\/#breadcrumb\"},\"inLanguage\":\"fi\",\"potentialAction\":[{\"@type\":\"ReadAction\",\"target\":[\"https:\/\/immediateedge.net\/terms-conditions\/\"]}]},{\"@type\":\"BreadcrumbList\",\"@id\":\"https:\/\/immediateedge.net\/terms-conditions\/#breadcrumb\",\"itemListElement\":[{\"@type\":\"ListItem\",\"position\":1,\"name\":\"Home\",\"item\":\"https:\/\/immediateedge.net\/\"},{\"@type\":\"ListItem\",\"position\":2,\"name\":\"Terms Conditions\"}]},{\"@type\":\"WebSite\",\"@id\":\"https:\/\/immediateedge.net\/#website\",\"url\":\"https:\/\/immediateedge.net\/\",\"name\":\"Immediate Edge Official\",\"description\":\"Trusted Automated Trading Platform\",\"potentialAction\":[{\"@type\":\"SearchAction\",\"target\":{\"@type\":\"EntryPoint\",\"urlTemplate\":\"https:\/\/immediateedge.net\/?s={search_term_string}\"},\"query-input\":{\"@type\":\"PropertyValueSpecification\",\"valueRequired\":true,\"valueName\":\"search_term_string\"}}],\"inLanguage\":\"fi\"}]}<\/script>\n<!-- \/ Yoast SEO plugin. -->","yoast_head_json":{"title":"Ehdot Ehdot - Immediate Edge Official","robots":{"index":"index","follow":"follow","max-snippet":"max-snippet:-1","max-image-preview":"max-image-preview:large","max-video-preview":"max-video-preview:-1"},"canonical":"https:\/\/immediateedge.net\/fi\/ehdot-ehdot\/","og_locale":"fi_FI","og_type":"article","og_title":"Terms Conditions - Immediate Edge Official","og_description":"Terms &amp; Conditions \u2013 Immediate Edge 1. IntroductionWelcome to Immediate Edge. These Terms govern your use of our website and services. By registering or using our platform, you agree to these Terms. 2. ServicesImmediate Edge provides automated trading software and connects users to partnered brokers. We are not a financial institution; our role is to [&hellip;]","og_url":"https:\/\/immediateedge.net\/fi\/ehdot-ehdot\/","og_site_name":"Immediate Edge Official","article_modified_time":"2025-10-03T06:12:30+00:00","twitter_card":"summary_large_image","twitter_misc":{"Arvioitu lukuaika":"1 minuutti"},"schema":{"@context":"https:\/\/schema.org","@graph":[{"@type":"WebPage","@id":"https:\/\/immediateedge.net\/terms-conditions\/","url":"https:\/\/immediateedge.net\/terms-conditions\/","name":"Ehdot Ehdot - Immediate Edge Official","isPartOf":{"@id":"https:\/\/immediateedge.net\/#website"},"datePublished":"2025-10-03T06:07:23+00:00","dateModified":"2025-10-03T06:12:30+00:00","breadcrumb":{"@id":"https:\/\/immediateedge.net\/terms-conditions\/#breadcrumb"},"inLanguage":"fi","potentialAction":[{"@type":"ReadAction","target":["https:\/\/immediateedge.net\/terms-conditions\/"]}]},{"@type":"BreadcrumbList","@id":"https:\/\/immediateedge.net\/terms-conditions\/#breadcrumb","itemListElement":[{"@type":"ListItem","position":1,"name":"Home","item":"https:\/\/immediateedge.net\/"},{"@type":"ListItem","position":2,"name":"Terms Conditions"}]},{"@type":"WebSite","@id":"https:\/\/immediateedge.net\/#website","url":"https:\/\/immediateedge.net\/","name":"Immediate Edge Virallinen","description":"Luotettava automatisoitu kaupank\u00e4yntij\u00e4rjestelm\u00e4","potentialAction":[{"@type":"SearchAction","target":{"@type":"EntryPoint","urlTemplate":"https:\/\/immediateedge.net\/?s={search_term_string}"},"query-input":{"@type":"PropertyValueSpecification","valueRequired":true,"valueName":"search_term_string"}}],"inLanguage":"fi"}]}},"_links":{"self":[{"href":"https:\/\/immediateedge.net\/fi\/wp-json\/wp\/v2\/pages\/790","targetHints":{"allow":["GET"]}}],"collection":[{"href":"https:\/\/immediateedge.net\/fi\/wp-json\/wp\/v2\/pages"}],"about":[{"href":"https:\/\/immediateedge.net\/fi\/wp-json\/wp\/v2\/types\/page"}],"author":[{"embeddable":true,"href":"https:\/\/immediateedge.net\/fi\/wp-json\/wp\/v2\/users\/2"}],"replies":[{"embeddable":true,"href":"https:\/\/immediateedge.net\/fi\/wp-json\/wp\/v2\/comments?post=790"}],"version-history":[{"count":3,"href":"https:\/\/immediateedge.net\/fi\/wp-json\/wp\/v2\/pages\/790\/revisions"}],"predecessor-version":[{"id":794,"href":"https:\/\/immediateedge.net\/fi\/wp-json\/wp\/v2\/pages\/790\/revisions\/794"}],"wp:attachment":[{"href":"https:\/\/immediateedge.net\/fi\/wp-json\/wp\/v2\/media?parent=790"}],"curies":[{"name":"wp","href":"https:\/\/api.w.org\/{rel}","templated":true}]}}