{"id":788,"date":"2025-10-03T06:06:27","date_gmt":"2025-10-03T06:06:27","guid":{"rendered":"https:\/\/immediateedge.net\/?page_id=788"},"modified":"2025-10-03T06:12:43","modified_gmt":"2025-10-03T06:12:43","slug":"tietosuojakaytanto","status":"publish","type":"page","link":"https:\/\/immediateedge.net\/fi\/tietosuojakaytanto\/","title":{"rendered":"Tietosuojak\u00e4yt\u00e4nt\u00f6"},"content":{"rendered":"<div data-elementor-type=\"wp-page\" data-elementor-id=\"788\" class=\"elementor elementor-788\" data-elementor-post-type=\"page\">\n\t\t\t\t<div class=\"elementor-element elementor-element-499f46a0 e-flex e-con-boxed e-con e-parent\" data-id=\"499f46a0\" data-element_type=\"container\">\n\t\t\t\t\t<div class=\"e-con-inner\">\n\t\t\t\t<div class=\"elementor-element elementor-element-4f5eae27 elementor-widget elementor-widget-text-editor\" data-id=\"4f5eae27\" data-element_type=\"widget\" data-widget_type=\"text-editor.default\">\n\t\t\t\t\t\t\t\t\t<h2 data-start=\"256\" data-end=\"292\">Tietosuojak\u00e4yt\u00e4nt\u00f6 - Immediate Edge<\/h2><p data-start=\"294\" data-end=\"576\"><strong data-start=\"294\" data-end=\"310\">Johdanto<\/strong><br data-start=\"310\" data-end=\"313\" \/>T\u00e4ss\u00e4 tietosuojak\u00e4yt\u00e4nn\u00f6ss\u00e4 selitet\u00e4\u00e4n, miten Immediate Edge Ltd, jonka toimipiste sijaitsee osoitteessa 167-169 Great Portland Street, London, W1, Yhdistynyt kuningaskunta (\"Immediate Edge\", \"me\", \"meit\u00e4\" tai \"meid\u00e4n\"), ker\u00e4\u00e4, k\u00e4ytt\u00e4\u00e4 ja suojaa tietojasi k\u00e4ytt\u00e4ess\u00e4si verkkosivustoamme ja kaupank\u00e4yntipalveluita.<\/p><p data-start=\"578\" data-end=\"614\"><strong data-start=\"578\" data-end=\"612\">Tietojen ker\u00e4\u00e4minen ja k\u00e4ytt\u00f6<\/strong><\/p><ul data-start=\"615\" data-end=\"1027\"><li data-start=\"615\" data-end=\"745\"><p data-start=\"617\" data-end=\"745\"><strong data-start=\"617\" data-end=\"634\">Henkil\u00f6tiedot<\/strong>: Sis\u00e4lt\u00e4\u00e4 nimesi, s\u00e4hk\u00f6postiosoitteesi, puhelinnumerosi ja kaikki tiedot, jotka annat tilin rekister\u00f6innin tai viestinn\u00e4n aikana.<\/p><\/li><li data-start=\"746\" data-end=\"848\"><p data-start=\"748\" data-end=\"848\"><strong data-start=\"748\" data-end=\"762\">K\u00e4ytt\u00f6tiedot<\/strong>: Sis\u00e4lt\u00e4\u00e4 tietoja, kuten vierailtuja sivuja, k\u00e4ytetty\u00e4 aikaa ja vuorovaikutusta alustallamme.<\/p><\/li><li data-start=\"849\" data-end=\"1027\"><p data-start=\"851\" data-end=\"1027\"><strong data-start=\"851\" data-end=\"866\">Tietojen k\u00e4ytt\u00f6<\/strong>: K\u00e4yt\u00e4mme n\u00e4it\u00e4 tietoja tarjotaksemme p\u00e4\u00e4syn automaattiseen kaupank\u00e4yntialustaan, k\u00e4sitelless\u00e4mme rekister\u00f6intej\u00e4, kommunikoidaksemme kanssasi ja noudattaaksemme lakis\u00e4\u00e4teisi\u00e4 vaatimuksia.<\/p><\/li><\/ul><p data-start=\"1029\" data-end=\"1062\"><strong data-start=\"1029\" data-end=\"1060\">Tietojen jakaminen ja luovuttaminen<\/strong><\/p><ul data-start=\"1063\" data-end=\"1249\"><li data-start=\"1063\" data-end=\"1166\"><p data-start=\"1065\" data-end=\"1166\">Saatamme jakaa henkil\u00f6tietojasi luotettavien kolmansien osapuolten v\u00e4litt\u00e4jien tai yritysten kanssa kaupank\u00e4yntipalveluja varten.<\/p><\/li><li data-start=\"1167\" data-end=\"1249\"><p data-start=\"1169\" data-end=\"1249\">Tietoja voidaan my\u00f6s luovuttaa, jos laki sit\u00e4 vaatii tai jos se on tarpeen oikeuksiemme suojaamiseksi.<\/p><\/li><\/ul><p data-start=\"1251\" data-end=\"1270\"><strong data-start=\"1251\" data-end=\"1268\">Tietoturva<\/strong><\/p><ul data-start=\"1271\" data-end=\"1390\"><li data-start=\"1271\" data-end=\"1390\"><p data-start=\"1273\" data-end=\"1390\">K\u00e4yt\u00e4mme salausta, turvallista todennusta ja alan standardien mukaisia suojatoimia henkil\u00f6tietojesi suojaamiseksi.<\/p><\/li><\/ul><p data-start=\"1392\" data-end=\"1405\"><strong data-start=\"1392\" data-end=\"1403\">Ev\u00e4steet<\/strong><\/p><ul data-start=\"1406\" data-end=\"1538\"><li data-start=\"1406\" data-end=\"1538\"><p data-start=\"1408\" data-end=\"1538\">Immediate Edge k\u00e4ytt\u00e4\u00e4 ev\u00e4steit\u00e4 ja seurantatekniikoita sivuston toiminnallisuuden, k\u00e4ytt\u00e4j\u00e4kokemuksen ja markkinoinnin suorituskyvyn parantamiseksi.<\/p><\/li><\/ul><p data-start=\"1540\" data-end=\"1557\"><strong data-start=\"1540\" data-end=\"1555\">Oikeutesi<\/strong><\/p><ul data-start=\"1558\" data-end=\"1644\"><li data-start=\"1558\" data-end=\"1644\"><p data-start=\"1560\" data-end=\"1644\">Voit milloin tahansa pyyt\u00e4\u00e4 p\u00e4\u00e4sy\u00e4 henkil\u00f6tietoihisi, niiden korjaamista tai poistamista.<\/p><\/li><\/ul><p data-start=\"1646\" data-end=\"1675\"><strong data-start=\"1646\" data-end=\"1673\">Kansainv\u00e4liset siirrot<\/strong><\/p><ul data-start=\"1676\" data-end=\"1799\"><li data-start=\"1676\" data-end=\"1799\"><p data-start=\"1678\" data-end=\"1799\">Tietosi saatetaan siirt\u00e4\u00e4 suojatuille palvelimille laink\u00e4ytt\u00f6alueesi ulkopuolelle sovellettavien tietosuojalakien mukaisesti.<\/p><\/li><\/ul><p data-start=\"1801\" data-end=\"1814\"><strong data-start=\"1801\" data-end=\"1812\">Muutokset<\/strong><\/p><ul data-start=\"1815\" data-end=\"1914\"><li data-start=\"1815\" data-end=\"1914\"><p data-start=\"1817\" data-end=\"1914\">T\u00e4t\u00e4 tietosuojak\u00e4yt\u00e4nt\u00f6\u00e4 voidaan p\u00e4ivitt\u00e4\u00e4 ajoittain, ja se on aina saatavilla t\u00e4ll\u00e4 sivulla.<\/p><\/li><\/ul><p data-start=\"1916\" data-end=\"2022\"><strong data-start=\"1916\" data-end=\"1927\">Ota yhteytt\u00e4<\/strong><br data-start=\"1927\" data-end=\"1930\" \/>Jos sinulla on kysytt\u00e4v\u00e4\u00e4 yksityisyyden suojasta, l\u00e4het\u00e4 s\u00e4hk\u00f6postia: <strong data-start=\"1960\" data-end=\"1989\"><a class=\"decorated-link cursor-pointer\" rel=\"noopener\" data-start=\"1962\" data-end=\"1987\">contact@immediateedge.net<\/a><\/strong><\/p>\t\t\t\t\t\t\t\t<\/div>\n\t\t\t\t\t<\/div>\n\t\t\t\t<\/div>\n\t\t\t\t<\/div>","protected":false},"excerpt":{"rendered":"<p>Tietosuojak\u00e4yt\u00e4nt\u00f6 - Immediate Edge Johdanto T\u00e4ss\u00e4 tietosuojak\u00e4yt\u00e4nn\u00f6ss\u00e4 selitet\u00e4\u00e4n, miten Immediate Edge Ltd, jonka toimisto sijaitsee osoitteessa 167-169 Great Portland Street, London, W1, Yhdistynyt kuningaskunta (\"Immediate Edge\", \"me\", \"meit\u00e4\" tai \"meid\u00e4n\"), ker\u00e4\u00e4, k\u00e4ytt\u00e4\u00e4 ja suojaa tietojasi, kun k\u00e4yt\u00e4t verkkosivustoamme ja kaupank\u00e4yntipalveluita. Tietojen ker\u00e4\u00e4minen ja k\u00e4ytt\u00f6 Henkil\u00f6tiedot: Sis\u00e4lt\u00e4\u00e4 nimesi, s\u00e4hk\u00f6postiosoitteesi, puhelinnumerosi, [...]<\/p>","protected":false},"author":2,"featured_media":0,"parent":0,"menu_order":0,"comment_status":"closed","ping_status":"closed","template":"elementor_canvas","meta":{"footnotes":""},"class_list":["post-788","page","type-page","status-publish","hentry"],"yoast_head":"<!-- This site is optimized with the Yoast SEO plugin v25.9 - https:\/\/yoast.com\/wordpress\/plugins\/seo\/ -->\n<title>Privacy Policy - Immediate Edge Official<\/title>\n<meta name=\"robots\" content=\"index, follow, max-snippet:-1, max-image-preview:large, max-video-preview:-1\" \/>\n<link rel=\"canonical\" href=\"https:\/\/immediateedge.net\/fi\/tietosuojakaytanto\/\" \/>\n<meta property=\"og:locale\" content=\"fi_FI\" \/>\n<meta property=\"og:type\" content=\"article\" \/>\n<meta property=\"og:title\" content=\"Privacy Policy - Immediate Edge Official\" \/>\n<meta property=\"og:description\" content=\"Privacy Policy \u2013 Immediate Edge IntroductionThis Privacy Policy explains how Immediate Edge Ltd, with offices at 167\u2013169 Great Portland Street, London, W1, United Kingdom (\u201cImmediate Edge\u201d, \u201cwe\u201d, \u201cus\u201d, or \u201cour\u201d), collects, uses, and protects your information when you use our website and trading services. Information Collection and Use Personal Data: Includes your name, email, phone, [&hellip;]\" \/>\n<meta property=\"og:url\" content=\"https:\/\/immediateedge.net\/fi\/tietosuojakaytanto\/\" \/>\n<meta property=\"og:site_name\" content=\"Immediate Edge Official\" \/>\n<meta property=\"article:modified_time\" content=\"2025-10-03T06:12:43+00:00\" \/>\n<meta name=\"twitter:card\" content=\"summary_large_image\" \/>\n<meta name=\"twitter:label1\" content=\"Arvioitu lukuaika\" \/>\n\t<meta name=\"twitter:data1\" content=\"2 minuuttia\" \/>\n<script type=\"application\/ld+json\" class=\"yoast-schema-graph\">{\"@context\":\"https:\/\/schema.org\",\"@graph\":[{\"@type\":\"WebPage\",\"@id\":\"https:\/\/immediateedge.net\/privacy-policy\/\",\"url\":\"https:\/\/immediateedge.net\/privacy-policy\/\",\"name\":\"Privacy Policy - Immediate Edge Official\",\"isPartOf\":{\"@id\":\"https:\/\/immediateedge.net\/#website\"},\"datePublished\":\"2025-10-03T06:06:27+00:00\",\"dateModified\":\"2025-10-03T06:12:43+00:00\",\"breadcrumb\":{\"@id\":\"https:\/\/immediateedge.net\/privacy-policy\/#breadcrumb\"},\"inLanguage\":\"fi\",\"potentialAction\":[{\"@type\":\"ReadAction\",\"target\":[\"https:\/\/immediateedge.net\/privacy-policy\/\"]}]},{\"@type\":\"BreadcrumbList\",\"@id\":\"https:\/\/immediateedge.net\/privacy-policy\/#breadcrumb\",\"itemListElement\":[{\"@type\":\"ListItem\",\"position\":1,\"name\":\"Home\",\"item\":\"https:\/\/immediateedge.net\/\"},{\"@type\":\"ListItem\",\"position\":2,\"name\":\"Privacy Policy\"}]},{\"@type\":\"WebSite\",\"@id\":\"https:\/\/immediateedge.net\/#website\",\"url\":\"https:\/\/immediateedge.net\/\",\"name\":\"Immediate Edge Official\",\"description\":\"Trusted Automated Trading Platform\",\"potentialAction\":[{\"@type\":\"SearchAction\",\"target\":{\"@type\":\"EntryPoint\",\"urlTemplate\":\"https:\/\/immediateedge.net\/?s={search_term_string}\"},\"query-input\":{\"@type\":\"PropertyValueSpecification\",\"valueRequired\":true,\"valueName\":\"search_term_string\"}}],\"inLanguage\":\"fi\"}]}<\/script>\n<!-- \/ Yoast SEO plugin. -->","yoast_head_json":{"title":"Tietosuojak\u00e4yt\u00e4nt\u00f6 - Immediate Edge Official","robots":{"index":"index","follow":"follow","max-snippet":"max-snippet:-1","max-image-preview":"max-image-preview:large","max-video-preview":"max-video-preview:-1"},"canonical":"https:\/\/immediateedge.net\/fi\/tietosuojakaytanto\/","og_locale":"fi_FI","og_type":"article","og_title":"Privacy Policy - Immediate Edge Official","og_description":"Privacy Policy \u2013 Immediate Edge IntroductionThis Privacy Policy explains how Immediate Edge Ltd, with offices at 167\u2013169 Great Portland Street, London, W1, United Kingdom (\u201cImmediate Edge\u201d, \u201cwe\u201d, \u201cus\u201d, or \u201cour\u201d), collects, uses, and protects your information when you use our website and trading services. Information Collection and Use Personal Data: Includes your name, email, phone, [&hellip;]","og_url":"https:\/\/immediateedge.net\/fi\/tietosuojakaytanto\/","og_site_name":"Immediate Edge Official","article_modified_time":"2025-10-03T06:12:43+00:00","twitter_card":"summary_large_image","twitter_misc":{"Arvioitu lukuaika":"2 minuuttia"},"schema":{"@context":"https:\/\/schema.org","@graph":[{"@type":"WebPage","@id":"https:\/\/immediateedge.net\/privacy-policy\/","url":"https:\/\/immediateedge.net\/privacy-policy\/","name":"Tietosuojak\u00e4yt\u00e4nt\u00f6 - Immediate Edge Official","isPartOf":{"@id":"https:\/\/immediateedge.net\/#website"},"datePublished":"2025-10-03T06:06:27+00:00","dateModified":"2025-10-03T06:12:43+00:00","breadcrumb":{"@id":"https:\/\/immediateedge.net\/privacy-policy\/#breadcrumb"},"inLanguage":"fi","potentialAction":[{"@type":"ReadAction","target":["https:\/\/immediateedge.net\/privacy-policy\/"]}]},{"@type":"BreadcrumbList","@id":"https:\/\/immediateedge.net\/privacy-policy\/#breadcrumb","itemListElement":[{"@type":"ListItem","position":1,"name":"Home","item":"https:\/\/immediateedge.net\/"},{"@type":"ListItem","position":2,"name":"Privacy Policy"}]},{"@type":"WebSite","@id":"https:\/\/immediateedge.net\/#website","url":"https:\/\/immediateedge.net\/","name":"Immediate Edge Virallinen","description":"Luotettava automatisoitu kaupank\u00e4yntij\u00e4rjestelm\u00e4","potentialAction":[{"@type":"SearchAction","target":{"@type":"EntryPoint","urlTemplate":"https:\/\/immediateedge.net\/?s={search_term_string}"},"query-input":{"@type":"PropertyValueSpecification","valueRequired":true,"valueName":"search_term_string"}}],"inLanguage":"fi"}]}},"_links":{"self":[{"href":"https:\/\/immediateedge.net\/fi\/wp-json\/wp\/v2\/pages\/788","targetHints":{"allow":["GET"]}}],"collection":[{"href":"https:\/\/immediateedge.net\/fi\/wp-json\/wp\/v2\/pages"}],"about":[{"href":"https:\/\/immediateedge.net\/fi\/wp-json\/wp\/v2\/types\/page"}],"author":[{"embeddable":true,"href":"https:\/\/immediateedge.net\/fi\/wp-json\/wp\/v2\/users\/2"}],"replies":[{"embeddable":true,"href":"https:\/\/immediateedge.net\/fi\/wp-json\/wp\/v2\/comments?post=788"}],"version-history":[{"count":3,"href":"https:\/\/immediateedge.net\/fi\/wp-json\/wp\/v2\/pages\/788\/revisions"}],"predecessor-version":[{"id":797,"href":"https:\/\/immediateedge.net\/fi\/wp-json\/wp\/v2\/pages\/788\/revisions\/797"}],"wp:attachment":[{"href":"https:\/\/immediateedge.net\/fi\/wp-json\/wp\/v2\/media?parent=788"}],"curies":[{"name":"wp","href":"https:\/\/api.w.org\/{rel}","templated":true}]}}