{"id":790,"date":"2025-10-03T06:07:23","date_gmt":"2025-10-03T06:07:23","guid":{"rendered":"https:\/\/immediateedge.net\/?page_id=790"},"modified":"2025-10-03T06:12:30","modified_gmt":"2025-10-03T06:12:30","slug":"condiciones","status":"publish","type":"page","link":"https:\/\/immediateedge.net\/es\/condiciones\/","title":{"rendered":"Condiciones generales"},"content":{"rendered":"<div data-elementor-type=\"wp-page\" data-elementor-id=\"790\" class=\"elementor elementor-790\" data-elementor-post-type=\"page\">\n\t\t\t\t<div class=\"elementor-element elementor-element-6a119874 e-flex e-con-boxed e-con e-parent\" data-id=\"6a119874\" data-element_type=\"container\">\n\t\t\t\t\t<div class=\"e-con-inner\">\n\t\t\t\t<div class=\"elementor-element elementor-element-17ce95ef elementor-widget elementor-widget-text-editor\" data-id=\"17ce95ef\" data-element_type=\"widget\" data-widget_type=\"text-editor.default\">\n\t\t\t\t\t\t\t\t\t<h2 data-start=\"2029\" data-end=\"2069\">Condiciones generales - Immediate Edge<\/h2><p data-start=\"2071\" data-end=\"2242\"><strong data-start=\"2071\" data-end=\"2090\">1. Introducci\u00f3n<\/strong><br data-start=\"2090\" data-end=\"2093\" \/>Bienvenido a Immediate Edge. Estas Condiciones regulan el uso de nuestro sitio web y nuestros servicios. Al registrarse o utilizar nuestra plataforma, usted acepta estas Condiciones.<\/p><p data-start=\"2244\" data-end=\"2454\"><strong data-start=\"2244\" data-end=\"2259\">2. Servicios<\/strong><br data-start=\"2259\" data-end=\"2262\" \/>Immediate Edge proporciona software de negociaci\u00f3n automatizada y conecta a los usuarios con corredores asociados. No somos una entidad financiera; nuestra funci\u00f3n es ofrecer tecnolog\u00eda de negociaci\u00f3n y generaci\u00f3n de contactos.<\/p><p data-start=\"2456\" data-end=\"2481\"><strong data-start=\"2456\" data-end=\"2479\">3. Obligaciones del usuario<\/strong><\/p><ul data-start=\"2482\" data-end=\"2594\"><li data-start=\"2482\" data-end=\"2535\"><p data-start=\"2484\" data-end=\"2535\">Los usuarios deben facilitar datos de registro exactos.<\/p><\/li><li data-start=\"2536\" data-end=\"2594\"><p data-start=\"2538\" data-end=\"2594\">La plataforma no debe utilizarse para actividades ilegales.<\/p><\/li><\/ul><p data-start=\"2596\" data-end=\"2776\"><strong data-start=\"2596\" data-end=\"2626\">4. Corredores y terceros<\/strong><br data-start=\"2626\" data-end=\"2629\" \/>Immediate Edge colabora con corredores de bolsa autorizados. No somos responsables de sus acciones, servicios o resultados de las actividades de negociaci\u00f3n.<\/p><p data-start=\"2778\" data-end=\"2942\"><strong data-start=\"2778\" data-end=\"2800\">5. Descargo de responsabilidad<\/strong><br data-start=\"2800\" data-end=\"2803\" \/>Operar con criptomonedas implica un riesgo significativo. Los resultados no est\u00e1n garantizados y los usuarios pueden perder parte o la totalidad del capital invertido.<\/p><p data-start=\"2944\" data-end=\"3074\"><strong data-start=\"2944\" data-end=\"2974\">6. Limitaci\u00f3n de responsabilidad<\/strong><br data-start=\"2974\" data-end=\"2977\" \/>Immediate Edge no se hace responsable de las p\u00e9rdidas derivadas de las operaciones, las acciones del corredor o el uso del sitio web.<\/p><p data-start=\"3076\" data-end=\"3194\"><strong data-start=\"3076\" data-end=\"3098\">7. Indemnizaci\u00f3n<\/strong><br data-start=\"3098\" data-end=\"3101\" \/>Los usuarios aceptan indemnizar a Immediate Edge por las reclamaciones derivadas del uso indebido de los servicios.<\/p><p data-start=\"3196\" data-end=\"3325\"><strong data-start=\"3196\" data-end=\"3224\">8. 8. Propiedad intelectual<\/strong><br data-start=\"3224\" data-end=\"3227\" \/>Todos los contenidos, marcas y materiales de Immediate Edge son propiedad de Immediate Edge Ltd.<\/p><p data-start=\"3327\" data-end=\"3421\"><strong data-start=\"3327\" data-end=\"3344\">9. Enmiendas<\/strong><br data-start=\"3344\" data-end=\"3347\" \/>Podemos actualizar estas Condiciones en cualquier momento, publicando los cambios en esta p\u00e1gina.<\/p><p data-start=\"3423\" data-end=\"3484\"><strong data-start=\"3423\" data-end=\"3444\">10. Derecho aplicable<\/strong><br data-start=\"3444\" data-end=\"3447\" \/>Estas Condiciones se rigen por la legislaci\u00f3n del Reino Unido.<\/p><p data-start=\"3486\" data-end=\"3613\"><strong data-start=\"3486\" data-end=\"3512\">11. 11. Resoluci\u00f3n de litigios<\/strong><br data-start=\"3512\" data-end=\"3515\" \/>Los litigios se resolver\u00e1n mediante arbitraje en el Reino Unido, salvo que la legislaci\u00f3n local exija lo contrario.<\/p><p data-start=\"3615\" data-end=\"3760\"><strong data-start=\"3615\" data-end=\"3630\">12. Contacto<\/strong><br data-start=\"3630\" data-end=\"3633\" \/>Correo electr\u00f3nico: <strong data-start=\"3640\" data-end=\"3669\"><a class=\"decorated-link cursor-pointer\" rel=\"noopener\" data-start=\"3642\" data-end=\"3667\">contact@immediateedge.net<\/a><\/strong><\/p>\t\t\t\t\t\t\t\t<\/div>\n\t\t\t\t\t<\/div>\n\t\t\t\t<\/div>\n\t\t\t\t<\/div>","protected":false},"excerpt":{"rendered":"<p>T\u00e9rminos y condiciones - Immediate Edge 1. Introducci\u00f3n Introducci\u00f3nBienvenido a Immediate Edge. Estas Condiciones regulan el uso de nuestro sitio web y nuestros servicios. Al registrarse o utilizar nuestra plataforma, usted acepta estos T\u00e9rminos. 2. ServiciosImmediate Edge proporciona software de negociaci\u00f3n automatizada y conecta a los usuarios con corredores asociados. No somos una entidad financiera; nuestra funci\u00f3n es [...]<\/p>","protected":false},"author":2,"featured_media":0,"parent":0,"menu_order":0,"comment_status":"closed","ping_status":"closed","template":"elementor_header_footer","meta":{"footnotes":""},"class_list":["post-790","page","type-page","status-publish","hentry"],"yoast_head":"<!-- This site is optimized with the Yoast SEO plugin v25.9 - https:\/\/yoast.com\/wordpress\/plugins\/seo\/ -->\n<title>Terms Conditions - Immediate Edge Official<\/title>\n<meta name=\"robots\" content=\"index, follow, max-snippet:-1, max-image-preview:large, max-video-preview:-1\" \/>\n<link rel=\"canonical\" href=\"https:\/\/immediateedge.net\/es\/condiciones\/\" \/>\n<meta property=\"og:locale\" content=\"es_ES\" \/>\n<meta property=\"og:type\" content=\"article\" \/>\n<meta property=\"og:title\" content=\"Terms Conditions - Immediate Edge Official\" \/>\n<meta property=\"og:description\" content=\"Terms &amp; Conditions \u2013 Immediate Edge 1. IntroductionWelcome to Immediate Edge. These Terms govern your use of our website and services. By registering or using our platform, you agree to these Terms. 2. ServicesImmediate Edge provides automated trading software and connects users to partnered brokers. We are not a financial institution; our role is to [&hellip;]\" \/>\n<meta property=\"og:url\" content=\"https:\/\/immediateedge.net\/es\/condiciones\/\" \/>\n<meta property=\"og:site_name\" content=\"Immediate Edge Official\" \/>\n<meta property=\"article:modified_time\" content=\"2025-10-03T06:12:30+00:00\" \/>\n<meta name=\"twitter:card\" content=\"summary_large_image\" \/>\n<meta name=\"twitter:label1\" content=\"Tiempo de lectura\" \/>\n\t<meta name=\"twitter:data1\" content=\"1 minuto\" \/>\n<script type=\"application\/ld+json\" class=\"yoast-schema-graph\">{\"@context\":\"https:\/\/schema.org\",\"@graph\":[{\"@type\":\"WebPage\",\"@id\":\"https:\/\/immediateedge.net\/terms-conditions\/\",\"url\":\"https:\/\/immediateedge.net\/terms-conditions\/\",\"name\":\"Terms Conditions - Immediate Edge Official\",\"isPartOf\":{\"@id\":\"https:\/\/immediateedge.net\/#website\"},\"datePublished\":\"2025-10-03T06:07:23+00:00\",\"dateModified\":\"2025-10-03T06:12:30+00:00\",\"breadcrumb\":{\"@id\":\"https:\/\/immediateedge.net\/terms-conditions\/#breadcrumb\"},\"inLanguage\":\"es\",\"potentialAction\":[{\"@type\":\"ReadAction\",\"target\":[\"https:\/\/immediateedge.net\/terms-conditions\/\"]}]},{\"@type\":\"BreadcrumbList\",\"@id\":\"https:\/\/immediateedge.net\/terms-conditions\/#breadcrumb\",\"itemListElement\":[{\"@type\":\"ListItem\",\"position\":1,\"name\":\"Home\",\"item\":\"https:\/\/immediateedge.net\/\"},{\"@type\":\"ListItem\",\"position\":2,\"name\":\"Terms Conditions\"}]},{\"@type\":\"WebSite\",\"@id\":\"https:\/\/immediateedge.net\/#website\",\"url\":\"https:\/\/immediateedge.net\/\",\"name\":\"Immediate Edge Official\",\"description\":\"Trusted Automated Trading Platform\",\"potentialAction\":[{\"@type\":\"SearchAction\",\"target\":{\"@type\":\"EntryPoint\",\"urlTemplate\":\"https:\/\/immediateedge.net\/?s={search_term_string}\"},\"query-input\":{\"@type\":\"PropertyValueSpecification\",\"valueRequired\":true,\"valueName\":\"search_term_string\"}}],\"inLanguage\":\"es\"}]}<\/script>\n<!-- \/ Yoast SEO plugin. -->","yoast_head_json":{"title":"Condiciones - Immediate Edge Official","robots":{"index":"index","follow":"follow","max-snippet":"max-snippet:-1","max-image-preview":"max-image-preview:large","max-video-preview":"max-video-preview:-1"},"canonical":"https:\/\/immediateedge.net\/es\/condiciones\/","og_locale":"es_ES","og_type":"article","og_title":"Terms Conditions - Immediate Edge Official","og_description":"Terms &amp; Conditions \u2013 Immediate Edge 1. IntroductionWelcome to Immediate Edge. These Terms govern your use of our website and services. By registering or using our platform, you agree to these Terms. 2. ServicesImmediate Edge provides automated trading software and connects users to partnered brokers. We are not a financial institution; our role is to [&hellip;]","og_url":"https:\/\/immediateedge.net\/es\/condiciones\/","og_site_name":"Immediate Edge Official","article_modified_time":"2025-10-03T06:12:30+00:00","twitter_card":"summary_large_image","twitter_misc":{"Tiempo de lectura":"1 minuto"},"schema":{"@context":"https:\/\/schema.org","@graph":[{"@type":"WebPage","@id":"https:\/\/immediateedge.net\/terms-conditions\/","url":"https:\/\/immediateedge.net\/terms-conditions\/","name":"Condiciones - Immediate Edge Official","isPartOf":{"@id":"https:\/\/immediateedge.net\/#website"},"datePublished":"2025-10-03T06:07:23+00:00","dateModified":"2025-10-03T06:12:30+00:00","breadcrumb":{"@id":"https:\/\/immediateedge.net\/terms-conditions\/#breadcrumb"},"inLanguage":"es","potentialAction":[{"@type":"ReadAction","target":["https:\/\/immediateedge.net\/terms-conditions\/"]}]},{"@type":"BreadcrumbList","@id":"https:\/\/immediateedge.net\/terms-conditions\/#breadcrumb","itemListElement":[{"@type":"ListItem","position":1,"name":"Home","item":"https:\/\/immediateedge.net\/"},{"@type":"ListItem","position":2,"name":"Terms Conditions"}]},{"@type":"WebSite","@id":"https:\/\/immediateedge.net\/#website","url":"https:\/\/immediateedge.net\/","name":"Immediate Edge Oficial","description":"Plataforma de negociaci\u00f3n automatizada de confianza","potentialAction":[{"@type":"SearchAction","target":{"@type":"EntryPoint","urlTemplate":"https:\/\/immediateedge.net\/?s={search_term_string}"},"query-input":{"@type":"PropertyValueSpecification","valueRequired":true,"valueName":"search_term_string"}}],"inLanguage":"es"}]}},"_links":{"self":[{"href":"https:\/\/immediateedge.net\/es\/wp-json\/wp\/v2\/pages\/790","targetHints":{"allow":["GET"]}}],"collection":[{"href":"https:\/\/immediateedge.net\/es\/wp-json\/wp\/v2\/pages"}],"about":[{"href":"https:\/\/immediateedge.net\/es\/wp-json\/wp\/v2\/types\/page"}],"author":[{"embeddable":true,"href":"https:\/\/immediateedge.net\/es\/wp-json\/wp\/v2\/users\/2"}],"replies":[{"embeddable":true,"href":"https:\/\/immediateedge.net\/es\/wp-json\/wp\/v2\/comments?post=790"}],"version-history":[{"count":3,"href":"https:\/\/immediateedge.net\/es\/wp-json\/wp\/v2\/pages\/790\/revisions"}],"predecessor-version":[{"id":794,"href":"https:\/\/immediateedge.net\/es\/wp-json\/wp\/v2\/pages\/790\/revisions\/794"}],"wp:attachment":[{"href":"https:\/\/immediateedge.net\/es\/wp-json\/wp\/v2\/media?parent=790"}],"curies":[{"name":"wp","href":"https:\/\/api.w.org\/{rel}","templated":true}]}}