{"id":788,"date":"2025-10-03T06:06:27","date_gmt":"2025-10-03T06:06:27","guid":{"rendered":"https:\/\/immediateedge.net\/?page_id=788"},"modified":"2025-10-03T06:12:43","modified_gmt":"2025-10-03T06:12:43","slug":"politica-de-privacidad","status":"publish","type":"page","link":"https:\/\/immediateedge.net\/es\/politica-de-privacidad\/","title":{"rendered":"Pol\u00edtica de privacidad"},"content":{"rendered":"<div data-elementor-type=\"wp-page\" data-elementor-id=\"788\" class=\"elementor elementor-788\" data-elementor-post-type=\"page\">\n\t\t\t\t<div class=\"elementor-element elementor-element-499f46a0 e-flex e-con-boxed e-con e-parent\" data-id=\"499f46a0\" data-element_type=\"container\">\n\t\t\t\t\t<div class=\"e-con-inner\">\n\t\t\t\t<div class=\"elementor-element elementor-element-4f5eae27 elementor-widget elementor-widget-text-editor\" data-id=\"4f5eae27\" data-element_type=\"widget\" data-widget_type=\"text-editor.default\">\n\t\t\t\t\t\t\t\t\t<h2 data-start=\"256\" data-end=\"292\">Pol\u00edtica de privacidad - Immediate Edge<\/h2><p data-start=\"294\" data-end=\"576\"><strong data-start=\"294\" data-end=\"310\">Introducci\u00f3n<\/strong><br data-start=\"310\" data-end=\"313\" \/>Esta Pol\u00edtica de Privacidad explica c\u00f3mo Immediate Edge Ltd, con oficinas en 167-169 Great Portland Street, Londres, W1, Reino Unido (\"Immediate Edge\", \"nosotros\", \"nos\", o \"nuestro\"), recoge, utiliza y protege su informaci\u00f3n cuando usted utiliza nuestro sitio web y nuestros servicios comerciales.<\/p><p data-start=\"578\" data-end=\"614\"><strong data-start=\"578\" data-end=\"612\">Recogida y uso de la informaci\u00f3n<\/strong><\/p><ul data-start=\"615\" data-end=\"1027\"><li data-start=\"615\" data-end=\"745\"><p data-start=\"617\" data-end=\"745\"><strong data-start=\"617\" data-end=\"634\">Datos personales<\/strong>: Incluye su nombre, correo electr\u00f3nico, tel\u00e9fono y cualquier detalle que proporcione durante el registro de la cuenta o la comunicaci\u00f3n.<\/p><\/li><li data-start=\"746\" data-end=\"848\"><p data-start=\"748\" data-end=\"848\"><strong data-start=\"748\" data-end=\"762\">Datos de uso<\/strong>: Incluye datos como las p\u00e1ginas visitadas, el tiempo empleado y las interacciones en nuestra plataforma.<\/p><\/li><li data-start=\"849\" data-end=\"1027\"><p data-start=\"851\" data-end=\"1027\"><strong data-start=\"851\" data-end=\"866\">Uso de los datos<\/strong>: Utilizamos esta informaci\u00f3n para proporcionar acceso a nuestra plataforma de negociaci\u00f3n automatizada, procesar registros, comunicarnos con usted y cumplir con los requisitos legales.<\/p><\/li><\/ul><p data-start=\"1029\" data-end=\"1062\"><strong data-start=\"1029\" data-end=\"1060\">Intercambio y divulgaci\u00f3n de datos<\/strong><\/p><ul data-start=\"1063\" data-end=\"1249\"><li data-start=\"1063\" data-end=\"1166\"><p data-start=\"1065\" data-end=\"1166\">Podemos compartir sus datos personales con intermediarios o empresas de terceros de confianza para servicios comerciales.<\/p><\/li><li data-start=\"1167\" data-end=\"1249\"><p data-start=\"1169\" data-end=\"1249\">La informaci\u00f3n tambi\u00e9n puede divulgarse si as\u00ed lo exige la ley o para proteger nuestros derechos.<\/p><\/li><\/ul><p data-start=\"1251\" data-end=\"1270\"><strong data-start=\"1251\" data-end=\"1268\">Seguridad de los datos<\/strong><\/p><ul data-start=\"1271\" data-end=\"1390\"><li data-start=\"1271\" data-end=\"1390\"><p data-start=\"1273\" data-end=\"1390\">Empleamos el cifrado, la autenticaci\u00f3n segura y las salvaguardias est\u00e1ndar del sector para proteger su informaci\u00f3n personal.<\/p><\/li><\/ul><p data-start=\"1392\" data-end=\"1405\"><strong data-start=\"1392\" data-end=\"1403\">Cookies<\/strong><\/p><ul data-start=\"1406\" data-end=\"1538\"><li data-start=\"1406\" data-end=\"1538\"><p data-start=\"1408\" data-end=\"1538\">Immediate Edge utiliza cookies y tecnolog\u00edas de seguimiento para mejorar la funcionalidad del sitio, la experiencia del usuario y los resultados de marketing.<\/p><\/li><\/ul><p data-start=\"1540\" data-end=\"1557\"><strong data-start=\"1540\" data-end=\"1555\">Sus derechos<\/strong><\/p><ul data-start=\"1558\" data-end=\"1644\"><li data-start=\"1558\" data-end=\"1644\"><p data-start=\"1560\" data-end=\"1644\">Puede solicitar el acceso, la rectificaci\u00f3n o la supresi\u00f3n de sus datos personales en cualquier momento.<\/p><\/li><\/ul><p data-start=\"1646\" data-end=\"1675\"><strong data-start=\"1646\" data-end=\"1673\">Transferencias internacionales<\/strong><\/p><ul data-start=\"1676\" data-end=\"1799\"><li data-start=\"1676\" data-end=\"1799\"><p data-start=\"1678\" data-end=\"1799\">Sus datos pueden ser transferidos a servidores seguros fuera de su jurisdicci\u00f3n, de acuerdo con las leyes de protecci\u00f3n de datos aplicables.<\/p><\/li><\/ul><p data-start=\"1801\" data-end=\"1814\"><strong data-start=\"1801\" data-end=\"1812\">Cambios<\/strong><\/p><ul data-start=\"1815\" data-end=\"1914\"><li data-start=\"1815\" data-end=\"1914\"><p data-start=\"1817\" data-end=\"1914\">Esta Pol\u00edtica de Privacidad puede ser actualizada de vez en cuando y siempre estar\u00e1 disponible en esta p\u00e1gina.<\/p><\/li><\/ul><p data-start=\"1916\" data-end=\"2022\"><strong data-start=\"1916\" data-end=\"1927\">P\u00f3ngase en contacto con<\/strong><br data-start=\"1927\" data-end=\"1930\" \/>Para preguntas sobre privacidad, env\u00ede un correo electr\u00f3nico: <strong data-start=\"1960\" data-end=\"1989\"><a class=\"decorated-link cursor-pointer\" rel=\"noopener\" data-start=\"1962\" data-end=\"1987\">contact@immediateedge.net<\/a><\/strong><\/p>\t\t\t\t\t\t\t\t<\/div>\n\t\t\t\t\t<\/div>\n\t\t\t\t<\/div>\n\t\t\t\t<\/div>","protected":false},"excerpt":{"rendered":"<p>Pol\u00edtica de privacidad - Immediate Edge Introducci\u00f3nEsta Pol\u00edtica de privacidad explica c\u00f3mo Immediate Edge Ltd, con oficinas en 167-169 Great Portland Street, Londres, W1, Reino Unido (\"Immediate Edge\", \"nosotros\", \"nos\" o \"nuestro\"), recopila, utiliza y protege su informaci\u00f3n cuando usted utiliza nuestro sitio web y nuestros servicios comerciales. Recogida y uso de la informaci\u00f3n Datos personales: Incluye su nombre, correo electr\u00f3nico, tel\u00e9fono, [...]<\/p>","protected":false},"author":2,"featured_media":0,"parent":0,"menu_order":0,"comment_status":"closed","ping_status":"closed","template":"elementor_canvas","meta":{"footnotes":""},"class_list":["post-788","page","type-page","status-publish","hentry"],"yoast_head":"<!-- This site is optimized with the Yoast SEO plugin v25.9 - https:\/\/yoast.com\/wordpress\/plugins\/seo\/ -->\n<title>Privacy Policy - Immediate Edge Official<\/title>\n<meta name=\"robots\" content=\"index, follow, max-snippet:-1, max-image-preview:large, max-video-preview:-1\" \/>\n<link rel=\"canonical\" href=\"https:\/\/immediateedge.net\/es\/politica-de-privacidad\/\" \/>\n<meta property=\"og:locale\" content=\"es_ES\" \/>\n<meta property=\"og:type\" content=\"article\" \/>\n<meta property=\"og:title\" content=\"Privacy Policy - Immediate Edge Official\" \/>\n<meta property=\"og:description\" content=\"Privacy Policy \u2013 Immediate Edge IntroductionThis Privacy Policy explains how Immediate Edge Ltd, with offices at 167\u2013169 Great Portland Street, London, W1, United Kingdom (\u201cImmediate Edge\u201d, \u201cwe\u201d, \u201cus\u201d, or \u201cour\u201d), collects, uses, and protects your information when you use our website and trading services. Information Collection and Use Personal Data: Includes your name, email, phone, [&hellip;]\" \/>\n<meta property=\"og:url\" content=\"https:\/\/immediateedge.net\/es\/politica-de-privacidad\/\" \/>\n<meta property=\"og:site_name\" content=\"Immediate Edge Official\" \/>\n<meta property=\"article:modified_time\" content=\"2025-10-03T06:12:43+00:00\" \/>\n<meta name=\"twitter:card\" content=\"summary_large_image\" \/>\n<meta name=\"twitter:label1\" content=\"Tiempo de lectura\" \/>\n\t<meta name=\"twitter:data1\" content=\"2 minutos\" \/>\n<script type=\"application\/ld+json\" class=\"yoast-schema-graph\">{\"@context\":\"https:\/\/schema.org\",\"@graph\":[{\"@type\":\"WebPage\",\"@id\":\"https:\/\/immediateedge.net\/privacy-policy\/\",\"url\":\"https:\/\/immediateedge.net\/privacy-policy\/\",\"name\":\"Privacy Policy - Immediate Edge Official\",\"isPartOf\":{\"@id\":\"https:\/\/immediateedge.net\/#website\"},\"datePublished\":\"2025-10-03T06:06:27+00:00\",\"dateModified\":\"2025-10-03T06:12:43+00:00\",\"breadcrumb\":{\"@id\":\"https:\/\/immediateedge.net\/privacy-policy\/#breadcrumb\"},\"inLanguage\":\"es\",\"potentialAction\":[{\"@type\":\"ReadAction\",\"target\":[\"https:\/\/immediateedge.net\/privacy-policy\/\"]}]},{\"@type\":\"BreadcrumbList\",\"@id\":\"https:\/\/immediateedge.net\/privacy-policy\/#breadcrumb\",\"itemListElement\":[{\"@type\":\"ListItem\",\"position\":1,\"name\":\"Home\",\"item\":\"https:\/\/immediateedge.net\/\"},{\"@type\":\"ListItem\",\"position\":2,\"name\":\"Privacy Policy\"}]},{\"@type\":\"WebSite\",\"@id\":\"https:\/\/immediateedge.net\/#website\",\"url\":\"https:\/\/immediateedge.net\/\",\"name\":\"Immediate Edge Official\",\"description\":\"Trusted Automated Trading Platform\",\"potentialAction\":[{\"@type\":\"SearchAction\",\"target\":{\"@type\":\"EntryPoint\",\"urlTemplate\":\"https:\/\/immediateedge.net\/?s={search_term_string}\"},\"query-input\":{\"@type\":\"PropertyValueSpecification\",\"valueRequired\":true,\"valueName\":\"search_term_string\"}}],\"inLanguage\":\"es\"}]}<\/script>\n<!-- \/ Yoast SEO plugin. -->","yoast_head_json":{"title":"Pol\u00edtica de privacidad - Immediate Edge Official","robots":{"index":"index","follow":"follow","max-snippet":"max-snippet:-1","max-image-preview":"max-image-preview:large","max-video-preview":"max-video-preview:-1"},"canonical":"https:\/\/immediateedge.net\/es\/politica-de-privacidad\/","og_locale":"es_ES","og_type":"article","og_title":"Privacy Policy - Immediate Edge Official","og_description":"Privacy Policy \u2013 Immediate Edge IntroductionThis Privacy Policy explains how Immediate Edge Ltd, with offices at 167\u2013169 Great Portland Street, London, W1, United Kingdom (\u201cImmediate Edge\u201d, \u201cwe\u201d, \u201cus\u201d, or \u201cour\u201d), collects, uses, and protects your information when you use our website and trading services. Information Collection and Use Personal Data: Includes your name, email, phone, [&hellip;]","og_url":"https:\/\/immediateedge.net\/es\/politica-de-privacidad\/","og_site_name":"Immediate Edge Official","article_modified_time":"2025-10-03T06:12:43+00:00","twitter_card":"summary_large_image","twitter_misc":{"Tiempo de lectura":"2 minutos"},"schema":{"@context":"https:\/\/schema.org","@graph":[{"@type":"WebPage","@id":"https:\/\/immediateedge.net\/privacy-policy\/","url":"https:\/\/immediateedge.net\/privacy-policy\/","name":"Pol\u00edtica de privacidad - Immediate Edge Official","isPartOf":{"@id":"https:\/\/immediateedge.net\/#website"},"datePublished":"2025-10-03T06:06:27+00:00","dateModified":"2025-10-03T06:12:43+00:00","breadcrumb":{"@id":"https:\/\/immediateedge.net\/privacy-policy\/#breadcrumb"},"inLanguage":"es","potentialAction":[{"@type":"ReadAction","target":["https:\/\/immediateedge.net\/privacy-policy\/"]}]},{"@type":"BreadcrumbList","@id":"https:\/\/immediateedge.net\/privacy-policy\/#breadcrumb","itemListElement":[{"@type":"ListItem","position":1,"name":"Home","item":"https:\/\/immediateedge.net\/"},{"@type":"ListItem","position":2,"name":"Privacy Policy"}]},{"@type":"WebSite","@id":"https:\/\/immediateedge.net\/#website","url":"https:\/\/immediateedge.net\/","name":"Immediate Edge Oficial","description":"Plataforma de negociaci\u00f3n automatizada de confianza","potentialAction":[{"@type":"SearchAction","target":{"@type":"EntryPoint","urlTemplate":"https:\/\/immediateedge.net\/?s={search_term_string}"},"query-input":{"@type":"PropertyValueSpecification","valueRequired":true,"valueName":"search_term_string"}}],"inLanguage":"es"}]}},"_links":{"self":[{"href":"https:\/\/immediateedge.net\/es\/wp-json\/wp\/v2\/pages\/788","targetHints":{"allow":["GET"]}}],"collection":[{"href":"https:\/\/immediateedge.net\/es\/wp-json\/wp\/v2\/pages"}],"about":[{"href":"https:\/\/immediateedge.net\/es\/wp-json\/wp\/v2\/types\/page"}],"author":[{"embeddable":true,"href":"https:\/\/immediateedge.net\/es\/wp-json\/wp\/v2\/users\/2"}],"replies":[{"embeddable":true,"href":"https:\/\/immediateedge.net\/es\/wp-json\/wp\/v2\/comments?post=788"}],"version-history":[{"count":3,"href":"https:\/\/immediateedge.net\/es\/wp-json\/wp\/v2\/pages\/788\/revisions"}],"predecessor-version":[{"id":797,"href":"https:\/\/immediateedge.net\/es\/wp-json\/wp\/v2\/pages\/788\/revisions\/797"}],"wp:attachment":[{"href":"https:\/\/immediateedge.net\/es\/wp-json\/wp\/v2\/media?parent=788"}],"curies":[{"name":"wp","href":"https:\/\/api.w.org\/{rel}","templated":true}]}}